{"id":105,"date":"2021-06-21T20:25:03","date_gmt":"2021-06-21T20:25:03","guid":{"rendered":"https:\/\/glimjawholesale.com\/?page_id=105"},"modified":"2026-02-24T12:40:09","modified_gmt":"2026-02-24T10:40:09","slug":"glimja-wholesale","status":"publish","type":"page","link":"https:\/\/glimjawholesale.com\/en\/","title":{"rendered":"Glimja Distribution"},"content":{"rendered":"<div class=\"wp-block-cover alignfull is-light has-parallax has-ast-global-color-6-background-color\" style=\"min-height:577px;aspect-ratio:unset;\"><div class=\"wp-block-cover__image-background wp-image-5363 size-large has-parallax\" style=\"background-position:50% 50%;background-image:url(https:\/\/glimjawholesale.com\/wp-content\/uploads\/2026\/02\/1-1024x576.png)\"><\/div><span aria-hidden=\"true\" class=\"wp-block-cover__background has-background-dim-40 has-background-dim\" style=\"background-color:#a9bfb5\"><\/span><div class=\"wp-block-cover__inner-container is-layout-flow wp-block-cover-is-layout-flow\">\n<div class=\"wp-block-columns alignwide are-vertically-aligned-center is-layout-flex wp-container-core-columns-is-layout-28f84493 wp-block-columns-is-layout-flex\">\n<div class=\"wp-block-column is-vertically-aligned-center is-layout-flow wp-block-column-is-layout-flow\">\n<h1 class=\"wp-block-heading has-text-color\" id=\"glimja-wholesale\" style=\"color:#00a463\">Glimja Wholesale<\/h1>\n\n\n\n<h3 class=\"wp-block-heading has-text-color\" id=\"europeisk-distributor-av-produkter-for-naturlig-halsa-skonhet-hallbart-hem-och-familj\" style=\"color:#00a463\">European distributor of products for natural health, beauty, sustainable home and family.<\/h3>\n\n\n\n<div class=\"wp-block-buttons is-layout-flex wp-block-buttons-is-layout-flex\">\n<div class=\"wp-block-button\"><a class=\"wp-block-button__link wp-element-button\" href=\"https:\/\/glimjawholesale.com\/en\/logga-in-for-af\/\">Sign in<\/a><\/div>\n\n\n\n<div class=\"wp-block-button is-style-fill\"><a class=\"wp-block-button__link has-white-color has-text-color wp-element-button\" href=\"https:\/\/glimjawholesale.com\/en\/ansokningsformular\/\">Apply to become a reseller<\/a><\/div>\n<\/div>\n<\/div>\n\n\n\n<div class=\"wp-block-column is-vertically-aligned-center is-layout-flow wp-block-column-is-layout-flow\"><\/div>\n<\/div>\n<\/div><\/div>\n\n\n\n<div style=\"height:16px\" aria-hidden=\"true\" class=\"wp-block-spacer\"><\/div>\n\n\n\n<div class=\"wp-block-uagb-advanced-heading uagb-block-a8dea1f9\"><h2 class=\"uagb-heading-text\">Our brands<\/h2><div class=\"uagb-separator\"><\/div><p class=\"uagb-desc-text\">We are a distributor for a number of different brands in our industry. <br>Each of them is carefully selected by our product experts to ensure that they meet our high standards.<\/p><\/div>\n\n\n\n<div class=\"wp-block-group alignfull is-layout-flow wp-block-group-is-layout-flow\"><div class=\"wp-block-group__inner-container\">\n<figure class=\"wp-block-gallery aligncenter has-nested-images columns-5 wp-block-gallery-1 is-layout-flex wp-block-gallery-is-layout-flex\">\n<figure class=\"wp-block-image size-large\"><img loading=\"lazy\" decoding=\"async\" width=\"274\" height=\"104\" data-id=\"127\" src=\"https:\/\/glimjawholesale.com\/wp-content\/uploads\/2021\/06\/therasage_com_logo.png\" alt=\"\" class=\"wp-image-127\"\/><\/figure>\n\n\n\n<figure class=\"wp-block-image size-full\"><img loading=\"lazy\" decoding=\"async\" width=\"800\" height=\"400\" data-id=\"5289\" src=\"https:\/\/glimjawholesale.com\/wp-content\/uploads\/2026\/02\/global-healing-logotyp.png\" alt=\"\" class=\"wp-image-5289\" srcset=\"https:\/\/glimjawholesale.com\/wp-content\/uploads\/2026\/02\/global-healing-logotyp.png 800w, https:\/\/glimjawholesale.com\/wp-content\/uploads\/2026\/02\/global-healing-logotyp-300x150.png 300w, https:\/\/glimjawholesale.com\/wp-content\/uploads\/2026\/02\/global-healing-logotyp-768x384.png 768w, https:\/\/glimjawholesale.com\/wp-content\/uploads\/2026\/02\/global-healing-logotyp-18x9.png 18w, https:\/\/glimjawholesale.com\/wp-content\/uploads\/2026\/02\/global-healing-logotyp-600x300.png 600w\" sizes=\"auto, (max-width: 800px) 100vw, 800px\" \/><\/figure>\n\n\n\n<figure class=\"wp-block-image size-full\"><img loading=\"lazy\" decoding=\"async\" width=\"800\" height=\"400\" data-id=\"5290\" src=\"https:\/\/glimjawholesale.com\/wp-content\/uploads\/2026\/02\/earth-harmony-logotyp.png\" alt=\"\" class=\"wp-image-5290\" srcset=\"https:\/\/glimjawholesale.com\/wp-content\/uploads\/2026\/02\/earth-harmony-logotyp.png 800w, https:\/\/glimjawholesale.com\/wp-content\/uploads\/2026\/02\/earth-harmony-logotyp-300x150.png 300w, https:\/\/glimjawholesale.com\/wp-content\/uploads\/2026\/02\/earth-harmony-logotyp-768x384.png 768w, https:\/\/glimjawholesale.com\/wp-content\/uploads\/2026\/02\/earth-harmony-logotyp-18x9.png 18w, https:\/\/glimjawholesale.com\/wp-content\/uploads\/2026\/02\/earth-harmony-logotyp-600x300.png 600w\" sizes=\"auto, (max-width: 800px) 100vw, 800px\" \/><\/figure>\n\n\n\n<figure class=\"wp-block-image size-large\"><img loading=\"lazy\" decoding=\"async\" width=\"274\" height=\"104\" data-id=\"264\" src=\"https:\/\/glimjawholesale.com\/wp-content\/uploads\/2021\/06\/Copy-of-jkljlkdf-2.png\" alt=\"\" class=\"wp-image-264\"\/><\/figure>\n\n\n\n<figure class=\"wp-block-image size-full\"><img loading=\"lazy\" decoding=\"async\" width=\"800\" height=\"400\" data-id=\"5292\" src=\"https:\/\/glimjawholesale.com\/wp-content\/uploads\/2026\/02\/la-droguerie-ecologique-logotyp-1.png\" alt=\"\" class=\"wp-image-5292\" srcset=\"https:\/\/glimjawholesale.com\/wp-content\/uploads\/2026\/02\/la-droguerie-ecologique-logotyp-1.png 800w, https:\/\/glimjawholesale.com\/wp-content\/uploads\/2026\/02\/la-droguerie-ecologique-logotyp-1-300x150.png 300w, https:\/\/glimjawholesale.com\/wp-content\/uploads\/2026\/02\/la-droguerie-ecologique-logotyp-1-768x384.png 768w, https:\/\/glimjawholesale.com\/wp-content\/uploads\/2026\/02\/la-droguerie-ecologique-logotyp-1-18x9.png 18w, https:\/\/glimjawholesale.com\/wp-content\/uploads\/2026\/02\/la-droguerie-ecologique-logotyp-1-600x300.png 600w\" sizes=\"auto, (max-width: 800px) 100vw, 800px\" \/><\/figure>\n<\/figure>\n\n\n\n<div class=\"wp-block-columns alignwide are-vertically-aligned-center is-layout-flex wp-container-core-columns-is-layout-28f84493 wp-block-columns-is-layout-flex\">\n<div class=\"wp-block-column is-vertically-aligned-center is-layout-flow wp-block-column-is-layout-flow\">\n<div class=\"wp-block-cover is-light has-ast-global-color-6-background-color\" style=\"min-height:400px;aspect-ratio:unset;\"><img loading=\"lazy\" decoding=\"async\" width=\"960\" height=\"960\" class=\"wp-block-cover__image-background wp-image-206\" alt=\"\" src=\"https:\/\/glimjawholesale.com\/wp-content\/uploads\/2021\/06\/high_resddd.jpeg\" data-object-fit=\"cover\" srcset=\"https:\/\/glimjawholesale.com\/wp-content\/uploads\/2021\/06\/high_resddd.jpeg 960w, https:\/\/glimjawholesale.com\/wp-content\/uploads\/2021\/06\/high_resddd-300x300.jpeg 300w, https:\/\/glimjawholesale.com\/wp-content\/uploads\/2021\/06\/high_resddd-150x150.jpeg 150w, https:\/\/glimjawholesale.com\/wp-content\/uploads\/2021\/06\/high_resddd-768x768.jpeg 768w, https:\/\/glimjawholesale.com\/wp-content\/uploads\/2021\/06\/high_resddd-600x600.jpeg 600w, https:\/\/glimjawholesale.com\/wp-content\/uploads\/2021\/06\/high_resddd-100x100.jpeg 100w\" sizes=\"auto, (max-width: 960px) 100vw, 960px\" \/><span aria-hidden=\"true\" class=\"wp-block-cover__background has-black-background-color has-background-dim-10 has-background-dim\"><\/span><div class=\"wp-block-cover__inner-container is-layout-flow wp-block-cover-is-layout-flow\">\n<h3 class=\"wp-block-heading has-text-color\" id=\"las-mer-om-vara-varumarken\" style=\"color:#ffffff\">Read more about our brands<\/h3>\n\n\n\n<p class=\"has-white-color has-text-color\">The same applies to all products and brands in our range, namely that we never compromise on quality.<\/p>\n\n\n\n<div class=\"wp-block-buttons is-layout-flex wp-block-buttons-is-layout-flex\">\n<div class=\"wp-block-button is-style-outline is-style-outline--2\"><a class=\"wp-block-button__link has-white-color has-text-color wp-element-button\" href=\"https:\/\/glimjawholesale.com\/en\/vara-varumarken\/\">See here<\/a><\/div>\n<\/div>\n<\/div><\/div>\n<\/div>\n\n\n\n<div class=\"wp-block-column is-vertically-aligned-center is-layout-flow wp-block-column-is-layout-flow\">\n<div class=\"wp-block-cover is-light has-ast-global-color-6-background-color\" style=\"min-height:400px;aspect-ratio:unset;\"><img loading=\"lazy\" decoding=\"async\" width=\"700\" height=\"700\" class=\"wp-block-cover__image-background wp-image-5386 size-full\" alt=\"\" src=\"https:\/\/glimjawholesale.com\/wp-content\/uploads\/2026\/02\/Glimja-Wholesale-Ansok.png\" data-object-fit=\"cover\" srcset=\"https:\/\/glimjawholesale.com\/wp-content\/uploads\/2026\/02\/Glimja-Wholesale-Ansok.png 700w, https:\/\/glimjawholesale.com\/wp-content\/uploads\/2026\/02\/Glimja-Wholesale-Ansok-300x300.png 300w, https:\/\/glimjawholesale.com\/wp-content\/uploads\/2026\/02\/Glimja-Wholesale-Ansok-150x150.png 150w, https:\/\/glimjawholesale.com\/wp-content\/uploads\/2026\/02\/Glimja-Wholesale-Ansok-12x12.png 12w, https:\/\/glimjawholesale.com\/wp-content\/uploads\/2026\/02\/Glimja-Wholesale-Ansok-600x600.png 600w, https:\/\/glimjawholesale.com\/wp-content\/uploads\/2026\/02\/Glimja-Wholesale-Ansok-100x100.png 100w\" sizes=\"auto, (max-width: 700px) 100vw, 700px\" \/><span aria-hidden=\"true\" class=\"wp-block-cover__background has-background-dim-40 has-background-dim\" style=\"background-color:#c6e7d7\"><\/span><div class=\"wp-block-cover__inner-container is-layout-flow wp-block-cover-is-layout-flow\">\n<h3 class=\"wp-block-heading has-text-color\" id=\"ansok-om-att-bli-aterforsaljare\" style=\"color:#ffffff\">Apply to become a reseller<\/h3>\n\n\n\n<p class=\"has-white-color has-text-color\">Fill in our form (it only takes 2-5 minutes) and we will get back to you soon.<\/p>\n\n\n\n<div class=\"wp-block-buttons is-layout-flex wp-block-buttons-is-layout-flex\">\n<div class=\"wp-block-button is-style-outline is-style-outline--3\"><a class=\"wp-block-button__link has-white-color has-text-color wp-element-button\" href=\"\/en\/glimjawholesale.com\/ansokningsformular\/\">apply here<\/a><\/div>\n<\/div>\n<\/div><\/div>\n<\/div>\n\n\n\n<div class=\"wp-block-column is-vertically-aligned-center is-layout-flow wp-block-column-is-layout-flow\">\n<div class=\"wp-block-cover is-light has-ast-global-color-6-background-color\" style=\"min-height:400px;aspect-ratio:unset;\"><img loading=\"lazy\" decoding=\"async\" width=\"700\" height=\"700\" class=\"wp-block-cover__image-background wp-image-5387 size-full\" alt=\"\" src=\"https:\/\/glimjawholesale.com\/wp-content\/uploads\/2026\/02\/Glimja-Wholesale-Fraga.png\" data-object-fit=\"cover\" srcset=\"https:\/\/glimjawholesale.com\/wp-content\/uploads\/2026\/02\/Glimja-Wholesale-Fraga.png 700w, https:\/\/glimjawholesale.com\/wp-content\/uploads\/2026\/02\/Glimja-Wholesale-Fraga-300x300.png 300w, https:\/\/glimjawholesale.com\/wp-content\/uploads\/2026\/02\/Glimja-Wholesale-Fraga-150x150.png 150w, https:\/\/glimjawholesale.com\/wp-content\/uploads\/2026\/02\/Glimja-Wholesale-Fraga-12x12.png 12w, https:\/\/glimjawholesale.com\/wp-content\/uploads\/2026\/02\/Glimja-Wholesale-Fraga-600x600.png 600w, https:\/\/glimjawholesale.com\/wp-content\/uploads\/2026\/02\/Glimja-Wholesale-Fraga-100x100.png 100w\" sizes=\"auto, (max-width: 700px) 100vw, 700px\" \/><span aria-hidden=\"true\" class=\"wp-block-cover__background has-background-dim-20 has-background-dim\" style=\"background-color:#9ad4ce\"><\/span><div class=\"wp-block-cover__inner-container is-layout-flow wp-block-cover-is-layout-flow\">\n<h3 class=\"wp-block-heading has-text-color\" id=\"stall-dina-fragor\" style=\"color:#ffffff\">Ask your questions<\/h3>\n\n\n\n<p class=\"has-white-color has-text-color\">Our customer happiness team is here to answer your questions.<\/p>\n\n\n\n<div class=\"wp-block-buttons is-layout-flex wp-block-buttons-is-layout-flex\">\n<div class=\"wp-block-button is-style-outline is-style-outline--4\"><a class=\"wp-block-button__link has-white-color has-text-color wp-element-button\" href=\"https:\/\/glimjawholesale.com\/en\/kontakta-oss\/\">Contact Us<\/a><\/div>\n<\/div>\n<\/div><\/div>\n<\/div>\n<\/div>\n<\/div><\/div>\n\n\n\n<div class=\"wp-block-cover alignfull is-light has-parallax has-ast-global-color-6-background-color\" style=\"min-height:467px;aspect-ratio:unset;\"><div class=\"wp-block-cover__image-background wp-image-218 has-parallax\" style=\"background-position:50% 50%;background-image:url(https:\/\/glimjawholesale.com\/wp-content\/uploads\/2021\/06\/Artboard-1.jpg)\"><\/div><span aria-hidden=\"true\" class=\"wp-block-cover__background has-background-dim wp-block-cover__gradient-background has-background-gradient\" style=\"background:linear-gradient(90deg,rgb(4,38,25) 0%,rgba(255,255,255,0) 56%)\"><\/span><div class=\"wp-block-cover__inner-container is-layout-flow wp-block-cover-is-layout-flow\">\n<div class=\"wp-block-columns alignwide are-vertically-aligned-center is-layout-flex wp-container-core-columns-is-layout-28f84493 wp-block-columns-is-layout-flex\">\n<div class=\"wp-block-column is-vertically-aligned-center is-layout-flow wp-block-column-is-layout-flow\">\n<h1 class=\"wp-block-heading has-white-color has-text-color\" id=\"hang-med\">Come along\u2026<\/h1>\n\n\n\n<h3 class=\"wp-block-heading has-white-color has-text-color\" id=\"pa-resan-till-att-hjalpa-alla-manniskor-djur-och-planeten-att-glimja\">on the journey to help all people,<br>animals and the planet to shine!<\/h3>\n\n\n\n<div class=\"wp-block-buttons is-layout-flex wp-block-buttons-is-layout-flex\">\n<div class=\"wp-block-button\"><a class=\"wp-block-button__link wp-element-button\" href=\"https:\/\/glimjawholesale.com\/en\/om-glimja\/\">Read more about Glimja!<\/a><\/div>\n<\/div>\n<\/div>\n\n\n\n<div class=\"wp-block-column is-vertically-aligned-center is-layout-flow wp-block-column-is-layout-flow\"><\/div>\n<\/div>\n<\/div><\/div>\n\n\n\n<div class=\"wp-block-group alignfull has-ast-global-color-5-background-color has-u-002-du-002-dast-global-color-5-background-color has-background is-layout-flow wp-block-group-is-layout-flow\"><div class=\"wp-block-group__inner-container\">\n<div class=\"wp-block-columns is-layout-flex wp-container-core-columns-is-layout-28f84493 wp-block-columns-is-layout-flex\">\n<div class=\"wp-block-column is-layout-flow wp-block-column-is-layout-flow\">\n<figure class=\"wp-block-image aligncenter size-large is-resized\"><img decoding=\"async\" src=\"https:\/\/glimjawholesale.com\/wp-content\/uploads\/2021\/06\/globe-free-img.png\" alt=\"\" class=\"wp-image-14\" style=\"width:60px;height:60px\"\/><\/figure>\n\n\n\n<h6 class=\"wp-block-heading has-text-align-center\" id=\"gratis-leverans\">FREE DELIVERY<\/h6>\n\n\n\n<p class=\"has-text-align-center\">When your order is worth more <br>than SEK 5,000.<\/p>\n<\/div>\n\n\n\n<div class=\"wp-block-column is-layout-flow wp-block-column-is-layout-flow\">\n<figure class=\"wp-block-image aligncenter size-full is-resized is-style-default\"><img loading=\"lazy\" decoding=\"async\" width=\"512\" height=\"512\" src=\"https:\/\/glimjawholesale.com\/wp-content\/uploads\/2022\/03\/winner.png\" alt=\"\" class=\"wp-image-3771\" style=\"width:60px;height:60px\" srcset=\"https:\/\/glimjawholesale.com\/wp-content\/uploads\/2022\/03\/winner.png 512w, https:\/\/glimjawholesale.com\/wp-content\/uploads\/2022\/03\/winner-300x300.png 300w, https:\/\/glimjawholesale.com\/wp-content\/uploads\/2022\/03\/winner-150x150.png 150w, https:\/\/glimjawholesale.com\/wp-content\/uploads\/2022\/03\/winner-12x12.png 12w, https:\/\/glimjawholesale.com\/wp-content\/uploads\/2022\/03\/winner-100x100.png 100w\" sizes=\"auto, (max-width: 512px) 100vw, 512px\" \/><\/figure>\n\n\n\n<h6 class=\"wp-block-heading has-text-align-center\" id=\"hog-kvalitet\">HIGH QUALITY<\/h6>\n\n\n\n<p class=\"has-text-align-center\">All brands and products are carefully selected by our specialists.<\/p>\n<\/div>\n\n\n\n<div class=\"wp-block-column is-layout-flow wp-block-column-is-layout-flow\">\n<figure class=\"wp-block-image aligncenter size-large is-resized\"><img decoding=\"async\" src=\"https:\/\/glimjawholesale.com\/wp-content\/uploads\/2021\/06\/lock-free-img.png\" alt=\"\" class=\"wp-image-16\" style=\"width:60px;height:60px\"\/><\/figure>\n\n\n\n<h6 class=\"wp-block-heading has-text-align-center\" id=\"sakra-betalningar\">SECURE PAYMENTS<\/h6>\n\n\n\n<p class=\"has-text-align-center\">Pay securely with PayPal<br>or Klarna.<\/p>\n<\/div>\n<\/div>\n<\/div><\/div>\n\n\n\n<div style=\"height:20px\" aria-hidden=\"true\" class=\"wp-block-spacer\"><\/div>\n\n\n\n<div class=\"wp-block-uagb-advanced-heading uagb-block-840cbbda\"><h2 class=\"uagb-heading-text\">Brands &amp; Suppliers<\/h2><div class=\"uagb-separator\"><\/div><p class=\"uagb-desc-text\">Are you looking for a European distributor for your health and sustainability-focused brand?<br><a href=\"https:\/\/glimjawholesale.com\/en\/samarbeta-med-glimja-distribution\/\">Fill in the contact form here!<\/a><\/p><\/div>\n\n\n\n<div style=\"height:50px\" aria-hidden=\"true\" class=\"wp-block-spacer\"><\/div>","protected":false},"excerpt":{"rendered":"<p>V\u00e5ra Varum\u00e4rken Vi \u00e4r distribut\u00f6r f\u00f6r en rad olika m\u00e4rken inom v\u00e5r bransch. Var och en av dem \u00e4r noggrant utvalda av v\u00e5ra produktexperter f\u00f6r att s\u00e4kerst\u00e4lla att de uppfyller v\u00e5ra h\u00f6ga standarder. GRATIS LEVERANS N\u00e4r din best\u00e4llning \u00e4r v\u00e4rd mer \u00e4n 5,000 kr. H\u00d6G KVALITET Alla varum\u00e4rken och produkter \u00e4r noggrant utvalda av v\u00e5ra [&hellip;]<\/p>","protected":false},"author":1,"featured_media":0,"parent":0,"menu_order":0,"comment_status":"closed","ping_status":"closed","template":"","meta":{"_uag_custom_page_level_css":"","site-sidebar-layout":"no-sidebar","site-content-layout":"page-builder","ast-site-content-layout":"full-width-container","site-content-style":"unboxed","site-sidebar-style":"unboxed","ast-global-header-display":"","ast-banner-title-visibility":"","ast-main-header-display":"","ast-hfb-above-header-display":"","ast-hfb-below-header-display":"","ast-hfb-mobile-header-display":"","site-post-title":"disabled","ast-breadcrumbs-content":"","ast-featured-img":"","footer-sml-layout":"","theme-transparent-header-meta":"default","adv-header-id-meta":"","stick-header-meta":"default","header-above-stick-meta":"","header-main-stick-meta":"","header-below-stick-meta":"","astra-migrate-meta-layouts":"set","ast-page-background-enabled":"default","ast-page-background-meta":{"desktop":{"background-color":"","background-image":"","background-repeat":"repeat","background-position":"center center","background-size":"auto","background-attachment":"scroll","background-type":"","background-media":"","overlay-type":"","overlay-color":"","overlay-gradient":""},"tablet":{"background-color":"","background-image":"","background-repeat":"repeat","background-position":"center center","background-size":"auto","background-attachment":"scroll","background-type":"","background-media":"","overlay-type":"","overlay-color":"","overlay-gradient":""},"mobile":{"background-color":"","background-image":"","background-repeat":"repeat","background-position":"center center","background-size":"auto","background-attachment":"scroll","background-type":"","background-media":"","overlay-type":"","overlay-color":"","overlay-gradient":""}},"ast-content-background-meta":{"desktop":{"background-color":"var(--ast-global-color-5)","background-image":"","background-repeat":"repeat","background-position":"center center","background-size":"auto","background-attachment":"scroll","background-type":"","background-media":"","overlay-type":"","overlay-color":"","overlay-gradient":""},"tablet":{"background-color":"var(--ast-global-color-5)","background-image":"","background-repeat":"repeat","background-position":"center center","background-size":"auto","background-attachment":"scroll","background-type":"","background-media":"","overlay-type":"","overlay-color":"","overlay-gradient":""},"mobile":{"background-color":"var(--ast-global-color-5)","background-image":"","background-repeat":"repeat","background-position":"center center","background-size":"auto","background-attachment":"scroll","background-type":"","background-media":"","overlay-type":"","overlay-color":"","overlay-gradient":""}},"footnotes":""},"class_list":["post-105","page","type-page","status-publish","hentry"],"jetpack_sharing_enabled":true,"uagb_featured_image_src":{"full":false,"thumbnail":false,"medium":false,"medium_large":false,"large":false,"1536x1536":false,"2048x2048":false,"trp-custom-language-flag":false,"woocommerce_thumbnail":false,"woocommerce_single":false,"woocommerce_gallery_thumbnail":false},"uagb_author_info":{"display_name":"EspressinoCrunch","author_link":"https:\/\/glimjawholesale.com\/en\/author\/espressinocrunch\/"},"uagb_comment_info":0,"uagb_excerpt":"V\u00e5ra Varum\u00e4rken Vi \u00e4r distribut\u00f6r f\u00f6r en rad olika m\u00e4rken inom v\u00e5r bransch. Var och en av dem \u00e4r noggrant utvalda av v\u00e5ra produktexperter f\u00f6r att s\u00e4kerst\u00e4lla att de uppfyller v\u00e5ra h\u00f6ga standarder. GRATIS LEVERANS N\u00e4r din best\u00e4llning \u00e4r v\u00e4rd mer \u00e4n 5,000 kr. H\u00d6G KVALITET Alla varum\u00e4rken och produkter \u00e4r noggrant utvalda av v\u00e5ra&hellip;","_links":{"self":[{"href":"https:\/\/glimjawholesale.com\/en\/wp-json\/wp\/v2\/pages\/105","targetHints":{"allow":["GET"]}}],"collection":[{"href":"https:\/\/glimjawholesale.com\/en\/wp-json\/wp\/v2\/pages"}],"about":[{"href":"https:\/\/glimjawholesale.com\/en\/wp-json\/wp\/v2\/types\/page"}],"author":[{"embeddable":true,"href":"https:\/\/glimjawholesale.com\/en\/wp-json\/wp\/v2\/users\/1"}],"replies":[{"embeddable":true,"href":"https:\/\/glimjawholesale.com\/en\/wp-json\/wp\/v2\/comments?post=105"}],"version-history":[{"count":50,"href":"https:\/\/glimjawholesale.com\/en\/wp-json\/wp\/v2\/pages\/105\/revisions"}],"predecessor-version":[{"id":5388,"href":"https:\/\/glimjawholesale.com\/en\/wp-json\/wp\/v2\/pages\/105\/revisions\/5388"}],"wp:attachment":[{"href":"https:\/\/glimjawholesale.com\/en\/wp-json\/wp\/v2\/media?parent=105"}],"curies":[{"name":"wp","href":"https:\/\/api.w.org\/{rel}","templated":true}]}}