{"id":181,"date":"2021-06-22T14:01:02","date_gmt":"2021-06-22T14:01:02","guid":{"rendered":"https:\/\/glimjawholesale.com\/?page_id=181"},"modified":"2022-02-03T17:00:36","modified_gmt":"2022-02-03T15:00:36","slug":"wholesale-ordering","status":"publish","type":"page","link":"https:\/\/glimjawholesale.com\/en\/wholesale-ordering\/","title":{"rendered":"List view for ordering"},"content":{"rendered":"<p>This view is for you who find it easier to add products from a list.<br>You can also browse our categories and add products directly from the product pages.<\/p>\n\n\n\r\n                <div id=\"wwof_access_denied\">\r\n                    <h2 class=\"content-title\">You Do Not Have Access To This Page<\/h2>\r\n                    <p>Apply to join our reseller program in order to get access to our wholesale ordering page.<\/p> <p>Already a member? Sign in to your account and you will get access.<\/p>                    <p class=\"login-link-container\"><a class=\"login-link\" href=\"https:\/\/glimjawholesale.com\/wp-login.php\">Login Here<\/a><\/p>\r\n                <\/div>","protected":false},"excerpt":{"rendered":"<p>This view is for you who find it easier to add products from a list. It is also possible to browse our categories and add products directly from the product pages.<\/p>","protected":false},"author":1,"featured_media":0,"parent":0,"menu_order":0,"comment_status":"closed","ping_status":"closed","template":"","meta":{"_uag_custom_page_level_css":"","site-sidebar-layout":"default","site-content-layout":"","ast-site-content-layout":"","site-content-style":"default","site-sidebar-style":"default","ast-global-header-display":"","ast-banner-title-visibility":"","ast-main-header-display":"","ast-hfb-above-header-display":"","ast-hfb-below-header-display":"","ast-hfb-mobile-header-display":"","site-post-title":"","ast-breadcrumbs-content":"","ast-featured-img":"","footer-sml-layout":"","theme-transparent-header-meta":"","adv-header-id-meta":"","stick-header-meta":"","header-above-stick-meta":"","header-main-stick-meta":"","header-below-stick-meta":"","astra-migrate-meta-layouts":"default","ast-page-background-enabled":"default","ast-page-background-meta":{"desktop":{"background-color":"","background-image":"","background-repeat":"repeat","background-position":"center center","background-size":"auto","background-attachment":"scroll","background-type":"","background-media":"","overlay-type":"","overlay-color":"","overlay-gradient":""},"tablet":{"background-color":"","background-image":"","background-repeat":"repeat","background-position":"center center","background-size":"auto","background-attachment":"scroll","background-type":"","background-media":"","overlay-type":"","overlay-color":"","overlay-gradient":""},"mobile":{"background-color":"","background-image":"","background-repeat":"repeat","background-position":"center center","background-size":"auto","background-attachment":"scroll","background-type":"","background-media":"","overlay-type":"","overlay-color":"","overlay-gradient":""}},"ast-content-background-meta":{"desktop":{"background-color":"var(--ast-global-color-5)","background-image":"","background-repeat":"repeat","background-position":"center center","background-size":"auto","background-attachment":"scroll","background-type":"","background-media":"","overlay-type":"","overlay-color":"","overlay-gradient":""},"tablet":{"background-color":"var(--ast-global-color-5)","background-image":"","background-repeat":"repeat","background-position":"center center","background-size":"auto","background-attachment":"scroll","background-type":"","background-media":"","overlay-type":"","overlay-color":"","overlay-gradient":""},"mobile":{"background-color":"var(--ast-global-color-5)","background-image":"","background-repeat":"repeat","background-position":"center center","background-size":"auto","background-attachment":"scroll","background-type":"","background-media":"","overlay-type":"","overlay-color":"","overlay-gradient":""}},"footnotes":""},"class_list":["post-181","page","type-page","status-publish","hentry"],"jetpack_sharing_enabled":true,"uagb_featured_image_src":{"full":false,"thumbnail":false,"medium":false,"medium_large":false,"large":false,"1536x1536":false,"2048x2048":false,"trp-custom-language-flag":false,"woocommerce_thumbnail":false,"woocommerce_single":false,"woocommerce_gallery_thumbnail":false},"uagb_author_info":{"display_name":"EspressinoCrunch","author_link":"https:\/\/glimjawholesale.com\/en\/author\/espressinocrunch\/"},"uagb_comment_info":0,"uagb_excerpt":"Den h\u00e4r vyn \u00e4r till f\u00f6r dig som tycker att det \u00e4r enklare att l\u00e4gga till produkter fr\u00e5n en lista.Det g\u00e5r \u00e4ven bra att bl\u00e4ddra bland v\u00e5ra kategorier och addera produkter direkt fr\u00e5n produktsidorna.","_links":{"self":[{"href":"https:\/\/glimjawholesale.com\/en\/wp-json\/wp\/v2\/pages\/181","targetHints":{"allow":["GET"]}}],"collection":[{"href":"https:\/\/glimjawholesale.com\/en\/wp-json\/wp\/v2\/pages"}],"about":[{"href":"https:\/\/glimjawholesale.com\/en\/wp-json\/wp\/v2\/types\/page"}],"author":[{"embeddable":true,"href":"https:\/\/glimjawholesale.com\/en\/wp-json\/wp\/v2\/users\/1"}],"replies":[{"embeddable":true,"href":"https:\/\/glimjawholesale.com\/en\/wp-json\/wp\/v2\/comments?post=181"}],"version-history":[{"count":2,"href":"https:\/\/glimjawholesale.com\/en\/wp-json\/wp\/v2\/pages\/181\/revisions"}],"predecessor-version":[{"id":5213,"href":"https:\/\/glimjawholesale.com\/en\/wp-json\/wp\/v2\/pages\/181\/revisions\/5213"}],"wp:attachment":[{"href":"https:\/\/glimjawholesale.com\/en\/wp-json\/wp\/v2\/media?parent=181"}],"curies":[{"name":"wp","href":"https:\/\/api.w.org\/{rel}","templated":true}]}}