{"id":182,"date":"2021-06-22T14:01:02","date_gmt":"2021-06-22T14:01:02","guid":{"rendered":"https:\/\/glimjawholesale.com\/?page_id=182"},"modified":"2023-06-26T16:53:22","modified_gmt":"2023-06-26T14:53:22","slug":"ansokningsformular","status":"publish","type":"page","link":"https:\/\/glimjawholesale.com\/en\/ansokningsformular\/","title":{"rendered":"Dealer application form"},"content":{"rendered":"<p>Do you want to become a reseller of Glimja Wholesale&#039;s products? Fill in the form and we will hear from you shortly.<\/p>\n\n\n\n<div data-tf-widget=\"IWCNcyb0\" data-tf-iframe-props=\"title=Glimjawholesale.com Application\" data-tf-medium=\"snippet\" style=\"width:100%;height:700px;\"><\/div><script src=\"\/\/embed.typeform.com\/next\/embed.js\"><\/script>\n\n\n\n<div class=\"inherit-container-width wp-block-group alignfull has-white-background-color has-background is-layout-constrained wp-block-group-is-layout-constrained\"><div class=\"wp-block-group__inner-container\">\n<hr class=\"wp-block-separator has-css-opacity\"\/>\n\n\n\n<div style=\"height:19px\" aria-hidden=\"true\" class=\"wp-block-spacer\"><\/div>\n\n\n\n<div class=\"wp-block-media-text alignwide is-stacked-on-mobile is-vertically-aligned-center\" style=\"grid-template-columns:45% auto\"><figure class=\"wp-block-media-text__media\"><img loading=\"lazy\" decoding=\"async\" width=\"700\" height=\"700\" src=\"https:\/\/glimjawholesale.com\/wp-content\/uploads\/2023\/06\/SE-7.png\" alt=\"\" class=\"wp-image-4580 size-full\" srcset=\"https:\/\/glimjawholesale.com\/wp-content\/uploads\/2023\/06\/SE-7.png 700w, https:\/\/glimjawholesale.com\/wp-content\/uploads\/2023\/06\/SE-7-300x300.png 300w, https:\/\/glimjawholesale.com\/wp-content\/uploads\/2023\/06\/SE-7-150x150.png 150w, https:\/\/glimjawholesale.com\/wp-content\/uploads\/2023\/06\/SE-7-12x12.png 12w, https:\/\/glimjawholesale.com\/wp-content\/uploads\/2023\/06\/SE-7-600x600.png 600w, https:\/\/glimjawholesale.com\/wp-content\/uploads\/2023\/06\/SE-7-100x100.png 100w\" sizes=\"auto, (max-width: 700px) 100vw, 700px\" \/><\/figure><div class=\"wp-block-media-text__content\">\n<h5 class=\"wp-block-heading\" id=\"har-du-fragor-om-ansokningsformularet\">Do you have questions about the application form?<\/h5>\n\n\n\n<h2 class=\"wp-block-heading\" id=\"kontakta-vart-customer-happiness-team\">Contact our Customer \nHappiness team<\/h2>\n\n\n\n<p>We will help you with any questions so you can get started selling our products.<\/p>\n\n\n\n<div class=\"wp-block-buttons is-layout-flex wp-block-buttons-is-layout-flex\">\n<div class=\"wp-block-button\"><a class=\"wp-block-button__link wp-element-button\" href=\"https:\/\/glimjawholesale.com\/en\/kontakta-oss\/\">Ask your question here<\/a><\/div>\n<\/div>\n\n\n\n<p><\/p>\n<\/div><\/div>\n<\/div><\/div>","protected":false},"excerpt":{"rendered":"<p>Do you want to become a reseller of Glimja Wholesale&#039;s products? Fill in the form and we will hear from you shortly. Do you have questions about the application form? Contact our customer happiness team We will help you with any questions so that you can get started selling our brilliant products.<\/p>","protected":false},"author":1,"featured_media":0,"parent":0,"menu_order":0,"comment_status":"closed","ping_status":"closed","template":"","meta":{"_uag_custom_page_level_css":"","site-sidebar-layout":"default","site-content-layout":"default","ast-site-content-layout":"","site-content-style":"default","site-sidebar-style":"default","ast-global-header-display":"","ast-banner-title-visibility":"","ast-main-header-display":"","ast-hfb-above-header-display":"","ast-hfb-below-header-display":"","ast-hfb-mobile-header-display":"","site-post-title":"","ast-breadcrumbs-content":"","ast-featured-img":"","footer-sml-layout":"","theme-transparent-header-meta":"default","adv-header-id-meta":"","stick-header-meta":"default","header-above-stick-meta":"","header-main-stick-meta":"","header-below-stick-meta":"","astra-migrate-meta-layouts":"default","ast-page-background-enabled":"default","ast-page-background-meta":{"desktop":{"background-color":"","background-image":"","background-repeat":"repeat","background-position":"center center","background-size":"auto","background-attachment":"scroll","background-type":"","background-media":"","overlay-type":"","overlay-color":"","overlay-gradient":""},"tablet":{"background-color":"","background-image":"","background-repeat":"repeat","background-position":"center center","background-size":"auto","background-attachment":"scroll","background-type":"","background-media":"","overlay-type":"","overlay-color":"","overlay-gradient":""},"mobile":{"background-color":"","background-image":"","background-repeat":"repeat","background-position":"center center","background-size":"auto","background-attachment":"scroll","background-type":"","background-media":"","overlay-type":"","overlay-color":"","overlay-gradient":""}},"ast-content-background-meta":{"desktop":{"background-color":"var(--ast-global-color-5)","background-image":"","background-repeat":"repeat","background-position":"center center","background-size":"auto","background-attachment":"scroll","background-type":"","background-media":"","overlay-type":"","overlay-color":"","overlay-gradient":""},"tablet":{"background-color":"var(--ast-global-color-5)","background-image":"","background-repeat":"repeat","background-position":"center center","background-size":"auto","background-attachment":"scroll","background-type":"","background-media":"","overlay-type":"","overlay-color":"","overlay-gradient":""},"mobile":{"background-color":"var(--ast-global-color-5)","background-image":"","background-repeat":"repeat","background-position":"center center","background-size":"auto","background-attachment":"scroll","background-type":"","background-media":"","overlay-type":"","overlay-color":"","overlay-gradient":""}},"footnotes":""},"class_list":["post-182","page","type-page","status-publish","hentry"],"jetpack_sharing_enabled":true,"uagb_featured_image_src":{"full":false,"thumbnail":false,"medium":false,"medium_large":false,"large":false,"1536x1536":false,"2048x2048":false,"trp-custom-language-flag":false,"woocommerce_thumbnail":false,"woocommerce_single":false,"woocommerce_gallery_thumbnail":false},"uagb_author_info":{"display_name":"EspressinoCrunch","author_link":"https:\/\/glimjawholesale.com\/en\/author\/espressinocrunch\/"},"uagb_comment_info":0,"uagb_excerpt":"Vill du bli \u00e5terf\u00f6rs\u00e4ljare av Glimja Wholesales produkter? Fyll i formul\u00e4ret s\u00e5 h\u00f6r vi av oss inom kort. Har du fr\u00e5gor om ans\u00f6kningsformul\u00e4ret? Kontakta v\u00e5rt customer happiness team Vi hj\u00e4lper dig med eventuella fr\u00e5gor s\u00e5 att du kan komma ig\u00e5ng med att s\u00e4lja v\u00e5ra glimjande produkter.","_links":{"self":[{"href":"https:\/\/glimjawholesale.com\/en\/wp-json\/wp\/v2\/pages\/182","targetHints":{"allow":["GET"]}}],"collection":[{"href":"https:\/\/glimjawholesale.com\/en\/wp-json\/wp\/v2\/pages"}],"about":[{"href":"https:\/\/glimjawholesale.com\/en\/wp-json\/wp\/v2\/types\/page"}],"author":[{"embeddable":true,"href":"https:\/\/glimjawholesale.com\/en\/wp-json\/wp\/v2\/users\/1"}],"replies":[{"embeddable":true,"href":"https:\/\/glimjawholesale.com\/en\/wp-json\/wp\/v2\/comments?post=182"}],"version-history":[{"count":12,"href":"https:\/\/glimjawholesale.com\/en\/wp-json\/wp\/v2\/pages\/182\/revisions"}],"predecessor-version":[{"id":4581,"href":"https:\/\/glimjawholesale.com\/en\/wp-json\/wp\/v2\/pages\/182\/revisions\/4581"}],"wp:attachment":[{"href":"https:\/\/glimjawholesale.com\/en\/wp-json\/wp\/v2\/media?parent=182"}],"curies":[{"name":"wp","href":"https:\/\/api.w.org\/{rel}","templated":true}]}}