{"id":1844,"date":"2021-08-16T14:47:08","date_gmt":"2021-08-16T14:47:08","guid":{"rendered":"https:\/\/glimjawholesale.com\/?page_id=1844"},"modified":"2022-03-02T10:52:28","modified_gmt":"2022-03-02T08:52:28","slug":"om-vara-produkter","status":"publish","type":"page","link":"https:\/\/glimjawholesale.com\/en\/om-glimja\/om-vara-produkter\/","title":{"rendered":"About our products"},"content":{"rendered":"<div class=\"wp-block-group alignfull has-white-background-color has-background is-layout-flow wp-block-group-is-layout-flow\"><div class=\"wp-block-group__inner-container\">\n<div class=\"wp-block-media-text is-stacked-on-mobile is-vertically-aligned-center\" style=\"grid-template-columns:32% auto\"><figure class=\"wp-block-media-text__media\"><img loading=\"lazy\" decoding=\"async\" width=\"524\" height=\"524\" src=\"https:\/\/glimjawholesale.com\/wp-content\/uploads\/2021\/08\/twenty20_9e7bfa5d-97c3-4669-abc7-02c78ab8ac67.jpeg\" alt=\"\" class=\"wp-image-1846 size-full\" srcset=\"https:\/\/glimjawholesale.com\/wp-content\/uploads\/2021\/08\/twenty20_9e7bfa5d-97c3-4669-abc7-02c78ab8ac67.jpeg 524w, https:\/\/glimjawholesale.com\/wp-content\/uploads\/2021\/08\/twenty20_9e7bfa5d-97c3-4669-abc7-02c78ab8ac67-300x300.jpeg 300w, https:\/\/glimjawholesale.com\/wp-content\/uploads\/2021\/08\/twenty20_9e7bfa5d-97c3-4669-abc7-02c78ab8ac67-150x150.jpeg 150w, https:\/\/glimjawholesale.com\/wp-content\/uploads\/2021\/08\/twenty20_9e7bfa5d-97c3-4669-abc7-02c78ab8ac67-100x100.jpeg 100w, https:\/\/glimjawholesale.com\/wp-content\/uploads\/2021\/08\/twenty20_9e7bfa5d-97c3-4669-abc7-02c78ab8ac67-64x64.jpeg 64w\" sizes=\"auto, (max-width: 524px) 100vw, 524px\" \/><\/figure><div class=\"wp-block-media-text__content\">\n<h1 class=\"has-text-align-left has-text-color wp-block-heading\" style=\"color:#00af83\">Our Strict Requirements!<\/h1>\n\n\n\n<p>We think it should be easy to live brilliantly!<br>With us, you will therefore only find high-quality products with natural and non-toxic ingredients that we have carefully selected.<\/p>\n\n\n\n<p>Then you as a customer can pick and choose in our large range, confident that everything you buy contains only the finest and purest ingredients.<\/p>\n\n\n\n<p>You should also know that we test products from every single brand we sell (and not just rely on organic certifications) to ensure that they deliver what they promise. It includes a careful check that all ingredients are pure, natural and free from harmful substances. You can also trust that no people or animals have been injured in the process.<\/p>\n\n\n\n<div class=\"wp-block-buttons is-horizontal is-content-justification-left is-layout-flex wp-container-core-buttons-is-layout-20be11b6 wp-block-buttons-is-layout-flex\">\n<div class=\"wp-block-button\"><a class=\"wp-block-button__link\" href=\"#red\">Read more!<\/a><\/div>\n<\/div>\n<\/div><\/div>\n<\/div><\/div>\n\n\n\n<div class=\"wp-block-group alignfull has-white-background-color has-background is-layout-flow wp-block-group-is-layout-flow\"><div class=\"wp-block-group__inner-container\">\n<h2 class=\"has-text-align-center wp-block-heading\">Our Promise<\/h2>\n\n\n\n<p>Our promise to you is that every health and body care product that you buy from us matches our detailed product descriptions.<br>We never hide ingredients! However, we can only write about the health effects that Sweden&#039;s and EU laws approve, hence we can not always explain in detail all the benefits of dietary supplements, even if we would like to.<\/p>\n\n\n\n<p>But with the help of the internet, you as a consumer can always search for information on your own and form your own opinion.<br>If you have any questions or problems, you can always reach us.<\/p>\n\n\n\n<p>We do not endanger human health and well-being, which is especially important in today&#039;s polluted and commercially driven health food market. We never choose products based solely on &quot;cash flow&quot;, which is why you will also find some slightly different brands with us.<\/p>\n<\/div><\/div>\n\n\n\n<div class=\"wp-block-group alignfull has-white-background-color has-background is-layout-flow wp-block-group-is-layout-flow\"><div class=\"wp-block-group__inner-container\">\n<h2 class=\"has-text-align-center wp-block-heading\" id=\"red\">Our <mark style=\"background-color:rgba(0, 0, 0, 0)\" class=\"has-inline-color has-vivid-red-color\">Red<\/mark> List<\/h2>\n\n\n\n<p>To protect your, the animals&#039; and nature&#039;s health, our products never contain any of the substances in the list. Here we have listed the most common substances that we are boycotting, but of course there are also many other potentially harmful substances that are harmful to health, animals and the environment that we would never sell. If you are missing something in the list or have questions, feel free to contact our product specialists. The easiest way to do this is to write an email to customer service.<\/p>\n<\/div><\/div>\n\n\n\n<ul class=\"has-vivid-red-color has-text-color wp-block-list\"><li>Propylene glycol<\/li><li>Parabens<\/li><li>Phenoxyethanol<\/li><li>Polyacrylamide<\/li><li>Polysorbate<\/li><li>Benzene<\/li><li>Formaldehyde<\/li><li>Cocamidopropyl betaine<\/li><li>1,4-dioxane<\/li><li>Mineral oils such as petrolatum<\/li><li>Petrochemicals<\/li><li>Triethanolamine (TEA)<\/li><li>Diethanolamine (DEA)<\/li><li>Monoethanolamine (MEA)<\/li><li>BHA (butylhydroxyanisole) \/ BHT (butylhydroxytoluene)<\/li><li>Acrylates<\/li><li>EDTA<\/li><li>PEG-laurate<\/li><li>Synthetic Sulfates such as Sodium lauryl sulfate (SLS)<\/li><li>Sodium lauryl sulfate (NLS)<\/li><li>Lauryl sulfates<\/li><li>Silicones<\/li><li>Artificial colors<\/li><li>Carbomer<\/li><li>Triclosan<\/li><li>Nanoparticles<\/li><li>Phthalates &amp; Polymer<\/li><li>Toluene<\/li><li>Fluorine<\/li><li>GMO<\/li><li>Bisphenol A<\/li><li>ABP<\/li><li>PFAS (PFC)<\/li><li>Animal tested substances<\/li><li>Hidden animal remains<\/li><\/ul>","protected":false},"excerpt":{"rendered":"<p>V\u00e5ra Strikta Krav! Vi tycker att det ska vara enkelt att leva glimjande!Hos oss hittar du d\u00e4rf\u00f6r bara h\u00f6gkvalitativa produkter med naturliga och giftfria ingredienser som vi noggrant valt ut. D\u00e5 kan du som kund v\u00e4lja och vraka i v\u00e5rt stora sortiment, tryggt f\u00f6rvissad om att allt du k\u00f6per bara inneh\u00e5ller de finaste och renaste [&hellip;]<\/p>","protected":false},"author":1,"featured_media":0,"parent":1887,"menu_order":0,"comment_status":"closed","ping_status":"closed","template":"","meta":{"_uag_custom_page_level_css":"","site-sidebar-layout":"default","site-content-layout":"default","ast-site-content-layout":"","site-content-style":"default","site-sidebar-style":"default","ast-global-header-display":"","ast-banner-title-visibility":"","ast-main-header-display":"","ast-hfb-above-header-display":"","ast-hfb-below-header-display":"","ast-hfb-mobile-header-display":"","site-post-title":"disabled","ast-breadcrumbs-content":"","ast-featured-img":"","footer-sml-layout":"","theme-transparent-header-meta":"default","adv-header-id-meta":"","stick-header-meta":"default","header-above-stick-meta":"","header-main-stick-meta":"","header-below-stick-meta":"","astra-migrate-meta-layouts":"default","ast-page-background-enabled":"default","ast-page-background-meta":{"desktop":{"background-color":"","background-image":"","background-repeat":"repeat","background-position":"center center","background-size":"auto","background-attachment":"scroll","background-type":"","background-media":"","overlay-type":"","overlay-color":"","overlay-gradient":""},"tablet":{"background-color":"","background-image":"","background-repeat":"repeat","background-position":"center center","background-size":"auto","background-attachment":"scroll","background-type":"","background-media":"","overlay-type":"","overlay-color":"","overlay-gradient":""},"mobile":{"background-color":"","background-image":"","background-repeat":"repeat","background-position":"center center","background-size":"auto","background-attachment":"scroll","background-type":"","background-media":"","overlay-type":"","overlay-color":"","overlay-gradient":""}},"ast-content-background-meta":{"desktop":{"background-color":"var(--ast-global-color-5)","background-image":"","background-repeat":"repeat","background-position":"center center","background-size":"auto","background-attachment":"scroll","background-type":"","background-media":"","overlay-type":"","overlay-color":"","overlay-gradient":""},"tablet":{"background-color":"var(--ast-global-color-5)","background-image":"","background-repeat":"repeat","background-position":"center center","background-size":"auto","background-attachment":"scroll","background-type":"","background-media":"","overlay-type":"","overlay-color":"","overlay-gradient":""},"mobile":{"background-color":"var(--ast-global-color-5)","background-image":"","background-repeat":"repeat","background-position":"center center","background-size":"auto","background-attachment":"scroll","background-type":"","background-media":"","overlay-type":"","overlay-color":"","overlay-gradient":""}},"footnotes":""},"class_list":["post-1844","page","type-page","status-publish","hentry"],"jetpack_sharing_enabled":true,"uagb_featured_image_src":{"full":false,"thumbnail":false,"medium":false,"medium_large":false,"large":false,"1536x1536":false,"2048x2048":false,"trp-custom-language-flag":false,"woocommerce_thumbnail":false,"woocommerce_single":false,"woocommerce_gallery_thumbnail":false},"uagb_author_info":{"display_name":"EspressinoCrunch","author_link":"https:\/\/glimjawholesale.com\/en\/author\/espressinocrunch\/"},"uagb_comment_info":0,"uagb_excerpt":"V\u00e5ra Strikta Krav! Vi tycker att det ska vara enkelt att leva glimjande!Hos oss hittar du d\u00e4rf\u00f6r bara h\u00f6gkvalitativa produkter med naturliga och giftfria ingredienser som vi noggrant valt ut. D\u00e5 kan du som kund v\u00e4lja och vraka i v\u00e5rt stora sortiment, tryggt f\u00f6rvissad om att allt du k\u00f6per bara inneh\u00e5ller de finaste och renaste&hellip;","_links":{"self":[{"href":"https:\/\/glimjawholesale.com\/en\/wp-json\/wp\/v2\/pages\/1844","targetHints":{"allow":["GET"]}}],"collection":[{"href":"https:\/\/glimjawholesale.com\/en\/wp-json\/wp\/v2\/pages"}],"about":[{"href":"https:\/\/glimjawholesale.com\/en\/wp-json\/wp\/v2\/types\/page"}],"author":[{"embeddable":true,"href":"https:\/\/glimjawholesale.com\/en\/wp-json\/wp\/v2\/users\/1"}],"replies":[{"embeddable":true,"href":"https:\/\/glimjawholesale.com\/en\/wp-json\/wp\/v2\/comments?post=1844"}],"version-history":[{"count":8,"href":"https:\/\/glimjawholesale.com\/en\/wp-json\/wp\/v2\/pages\/1844\/revisions"}],"predecessor-version":[{"id":3783,"href":"https:\/\/glimjawholesale.com\/en\/wp-json\/wp\/v2\/pages\/1844\/revisions\/3783"}],"up":[{"embeddable":true,"href":"https:\/\/glimjawholesale.com\/en\/wp-json\/wp\/v2\/pages\/1887"}],"wp:attachment":[{"href":"https:\/\/glimjawholesale.com\/en\/wp-json\/wp\/v2\/media?parent=1844"}],"curies":[{"name":"wp","href":"https:\/\/api.w.org\/{rel}","templated":true}]}}