{"id":1887,"date":"2021-08-16T16:26:02","date_gmt":"2021-08-16T16:26:02","guid":{"rendered":"https:\/\/glimjawholesale.com\/?page_id=1887"},"modified":"2026-02-24T12:30:26","modified_gmt":"2026-02-24T10:30:26","slug":"om-glimja","status":"publish","type":"page","link":"https:\/\/glimjawholesale.com\/en\/om-glimja\/","title":{"rendered":"About Glimja"},"content":{"rendered":"<div class=\"wp-block-cover alignfull is-light\" style=\"min-height:500px;aspect-ratio:unset;\"><img loading=\"lazy\" decoding=\"async\" width=\"1920\" height=\"1080\" class=\"wp-block-cover__image-background wp-image-1898\" alt=\"\" src=\"https:\/\/glimjawholesale.com\/wp-content\/uploads\/2021\/08\/Copy-of-PARADISET.png\" style=\"object-position:20% 100%\" data-object-fit=\"cover\" data-object-position=\"20% 100%\" srcset=\"https:\/\/glimjawholesale.com\/wp-content\/uploads\/2021\/08\/Copy-of-PARADISET.png 1920w, https:\/\/glimjawholesale.com\/wp-content\/uploads\/2021\/08\/Copy-of-PARADISET-300x169.png 300w, https:\/\/glimjawholesale.com\/wp-content\/uploads\/2021\/08\/Copy-of-PARADISET-1024x576.png 1024w, https:\/\/glimjawholesale.com\/wp-content\/uploads\/2021\/08\/Copy-of-PARADISET-768x432.png 768w, https:\/\/glimjawholesale.com\/wp-content\/uploads\/2021\/08\/Copy-of-PARADISET-1536x864.png 1536w, https:\/\/glimjawholesale.com\/wp-content\/uploads\/2021\/08\/Copy-of-PARADISET-600x338.png 600w, https:\/\/glimjawholesale.com\/wp-content\/uploads\/2021\/08\/Copy-of-PARADISET-64x36.png 64w\" sizes=\"auto, (max-width: 1920px) 100vw, 1920px\" \/><span aria-hidden=\"true\" class=\"wp-block-cover__background has-background-dim-0 has-background-dim\"><\/span><div class=\"wp-block-cover__inner-container is-layout-flow wp-block-cover-is-layout-flow\">\n<p class=\"has-text-align-center has-large-font-size\"><\/p>\n<\/div><\/div>\n\n\n\n<div class=\"inherit-container-width wp-block-group alignfull has-white-background-color has-background is-layout-constrained wp-block-group-is-layout-constrained\"><div class=\"wp-block-group__inner-container\">\n<h1 class=\"wp-block-heading has-text-align-center\" id=\"lat-oss-glimja-tillsammans\">Let&#039;s shine together!<\/h1>\n\n\n\n<p class=\"has-text-align-center\">We want to contribute to a world where people, animals and the planet can shine.<\/p>\n<\/div><\/div>\n\n\n\n<div class=\"inherit-container-width wp-block-group alignfull has-white-background-color has-background is-layout-constrained wp-block-group-is-layout-constrained\"><div class=\"wp-block-group__inner-container\">\n<h5 class=\"wp-block-heading has-text-align-center\" id=\"vi-finns-till-for-att\">We exist to:<\/h5>\n\n\n\n<h2 class=\"wp-block-heading has-text-align-center\" id=\"forenkla-godare-halsa\">Simplify better health<\/h2>\n\n\n\n<div class=\"wp-block-columns alignwide is-layout-flex wp-container-core-columns-is-layout-28f84493 wp-block-columns-is-layout-flex\">\n<div class=\"wp-block-column is-layout-flow wp-block-column-is-layout-flow\">\n<p>We think that health should be simple and fun. Not stressful and time consuming. That is why we study, test and carefully select the best products on the market based on high requirements. This guarantees that our products do not contain anything harmful so that our customers can feel safe without having to study long ingredient lists.<\/p>\n\n\n\n<p>We only sell natural, clean and durable products, no rubbish, only things that we use for ourselves and our children.<\/p>\n<\/div>\n\n\n\n<div class=\"wp-block-column is-layout-flow wp-block-column-is-layout-flow\">\n<p>Today, it is more important than ever to make healthy and sustainable choices. And when we take better care of ourselves, the animals and the planet, we spread good energy to everyone around us. Therefore, a healthy world begins with you!<\/p>\n\n\n\n<p>Welcome to the Glimja family.<\/p>\n<\/div>\n<\/div>\n<\/div><\/div>\n\n\n\n<div class=\"wp-block-media-text alignwide is-stacked-on-mobile is-vertically-aligned-center\" style=\"grid-template-columns:37% auto\"><figure class=\"wp-block-media-text__media\"><img loading=\"lazy\" decoding=\"async\" width=\"621\" height=\"1024\" src=\"https:\/\/glimjawholesale.com\/wp-content\/uploads\/2026\/02\/2.png\" alt=\"\" class=\"wp-image-5380 size-full\" srcset=\"https:\/\/glimjawholesale.com\/wp-content\/uploads\/2026\/02\/2.png 621w, https:\/\/glimjawholesale.com\/wp-content\/uploads\/2026\/02\/2-182x300.png 182w, https:\/\/glimjawholesale.com\/wp-content\/uploads\/2026\/02\/2-7x12.png 7w, https:\/\/glimjawholesale.com\/wp-content\/uploads\/2026\/02\/2-600x989.png 600w\" sizes=\"auto, (max-width: 621px) 100vw, 621px\" \/><\/figure><div class=\"wp-block-media-text__content\">\n<h2 class=\"wp-block-heading\" id=\"15-ars-erfarenhet-av-distribution\">15+ years of experience in distribution<\/h2>\n\n\n\n<p>Sedan 2006 har vi varit en p\u00e5litlig distribut\u00f6r f\u00f6r flera v\u00e4lk\u00e4nda varum\u00e4rken som Garden of Life, Therasage, Omniblend och La Droguerie \u00c9cologique. Alla v\u00e5ra produkter har genomg\u00e5tt rigor\u00f6sa tester och urval. D\u00e4rf\u00f6r kan du vara s\u00e4ker p\u00e5 att dina kunder bara f\u00e5r det allra renaste och b\u00e4sta!<\/p>\n\n\n\n<div class=\"wp-block-buttons is-layout-flex wp-block-buttons-is-layout-flex\">\n<div class=\"wp-block-button\"><a class=\"wp-block-button__link wp-element-button\">Apply to become a reseller<\/a><\/div>\n<\/div>\n\n\n\n<div class=\"wp-block-columns alignwide is-layout-flex wp-container-core-columns-is-layout-28f84493 wp-block-columns-is-layout-flex\">\n<div class=\"wp-block-column is-layout-flow wp-block-column-is-layout-flow\">\n<h6 class=\"wp-block-heading\" id=\"exklusiva-produkter\"><strong><strong>Exclusive products<\/strong><\/strong><\/h6>\n\n\n\n<p>Hos oss f\u00e5r du tillg\u00e5ng till popul\u00e4ra produkter fr\u00e5n bl.a. Therasage, Vegetology, Sedona och Earth Harmony.<\/p>\n<\/div>\n\n\n\n<div class=\"wp-block-column is-layout-flow wp-block-column-is-layout-flow\">\n<h6 class=\"wp-block-heading\" id=\"naturligt-rent\"><strong>Natural + Clean<\/strong><\/h6>\n\n\n\n<p>We make sure that your customers only get the best products that the market has to offer.&nbsp;<\/p>\n<\/div>\n\n\n\n<div class=\"wp-block-column is-layout-flow wp-block-column-is-layout-flow\">\n<h6 class=\"wp-block-heading\" id=\"300-produkter\"><strong>300+ products<\/strong><\/h6>\n\n\n\n<p>When you buy from us, you get access to over 300 products and more product news!<\/p>\n<\/div>\n<\/div>\n\n\n\n<p><\/p>\n<\/div><\/div>\n\n\n\n<div class=\"inherit-container-width wp-block-group alignfull has-white-background-color has-background is-layout-constrained wp-block-group-is-layout-constrained\"><div class=\"wp-block-group__inner-container\">\n<div class=\"wp-block-columns alignwide are-vertically-aligned-center is-layout-flex wp-container-core-columns-is-layout-28f84493 wp-block-columns-is-layout-flex\">\n<div class=\"wp-block-column is-vertically-aligned-center is-layout-flow wp-block-column-is-layout-flow\">\n<figure class=\"wp-block-image aligncenter size-full is-resized is-style-rounded\"><img loading=\"lazy\" decoding=\"async\" width=\"300\" height=\"300\" src=\"https:\/\/glimjawholesale.com\/wp-content\/uploads\/2026\/02\/Glimja-wholesale-Logo-liten-1.png\" alt=\"\" class=\"wp-image-5378\" style=\"width:75px;height:75px\" srcset=\"https:\/\/glimjawholesale.com\/wp-content\/uploads\/2026\/02\/Glimja-wholesale-Logo-liten-1.png 300w, https:\/\/glimjawholesale.com\/wp-content\/uploads\/2026\/02\/Glimja-wholesale-Logo-liten-1-150x150.png 150w, https:\/\/glimjawholesale.com\/wp-content\/uploads\/2026\/02\/Glimja-wholesale-Logo-liten-1-12x12.png 12w, https:\/\/glimjawholesale.com\/wp-content\/uploads\/2026\/02\/Glimja-wholesale-Logo-liten-1-100x100.png 100w\" sizes=\"auto, (max-width: 300px) 100vw, 300px\" \/><\/figure>\n\n\n\n<h3 class=\"wp-block-heading has-text-align-center\" id=\"bolagsinformation\">Company information<\/h3>\n\n\n\n<p class=\"has-text-align-center\">Namn: GLIMJA AB<br>Organisations nr: 556891-7867<br>Moms nr: SE556891786701<br><\/p>\n<\/div>\n\n\n\n<div class=\"wp-block-column is-vertically-aligned-center is-layout-flow wp-block-column-is-layout-flow\">\n<figure class=\"wp-block-image aligncenter size-full is-resized is-style-rounded\"><img loading=\"lazy\" decoding=\"async\" width=\"200\" height=\"200\" src=\"https:\/\/glimjawholesale.com\/wp-content\/uploads\/2026\/02\/Kartmarkor-Glimja-Wholesale.png\" alt=\"\" class=\"wp-image-5384\" style=\"width:75px;height:75px\" srcset=\"https:\/\/glimjawholesale.com\/wp-content\/uploads\/2026\/02\/Kartmarkor-Glimja-Wholesale.png 200w, https:\/\/glimjawholesale.com\/wp-content\/uploads\/2026\/02\/Kartmarkor-Glimja-Wholesale-150x150.png 150w, https:\/\/glimjawholesale.com\/wp-content\/uploads\/2026\/02\/Kartmarkor-Glimja-Wholesale-12x12.png 12w, https:\/\/glimjawholesale.com\/wp-content\/uploads\/2026\/02\/Kartmarkor-Glimja-Wholesale-100x100.png 100w\" sizes=\"auto, (max-width: 200px) 100vw, 200px\" \/><\/figure>\n\n\n\n<h3 class=\"wp-block-heading has-text-align-center\" id=\"adress\">Address<\/h3>\n\n\n\n<p class=\"has-text-align-center\">GLIMJA Fulfillment Center<br>Litslena Sneby 2<br>745 96 Enk\u00f6ping, Sweden<\/p>\n<\/div>\n<\/div>\n\n\n\n<div class=\"inherit-container-width wp-block-group alignfull has-background is-layout-constrained wp-block-group-is-layout-constrained\" style=\"background-color:#ffffff\"><div class=\"wp-block-group__inner-container\"><\/div><\/div>\n<\/div><\/div>\n\n\n\n<p><\/p>","protected":false},"excerpt":{"rendered":"<p>L\u00e5t oss glimja tillsammans! Vi vill bidra till en v\u00e4rld d\u00e4r m\u00e4nniskor, djur och planeten kan glimja. Vi finns till f\u00f6r att: F\u00f6renkla godare h\u00e4lsa Vi tycker att h\u00e4lsa ska vara enkelt och roligt. Inte stressig och tidskr\u00e4vande. Det \u00e4r d\u00e4rf\u00f6r vi studerar, testar och noggrant v\u00e4ljer ut de b\u00e4sta produkterna p\u00e5 marknaden utifr\u00e5n h\u00f6ga [&hellip;]<\/p>","protected":false},"author":1,"featured_media":0,"parent":0,"menu_order":0,"comment_status":"closed","ping_status":"closed","template":"","meta":{"_uag_custom_page_level_css":"","site-sidebar-layout":"default","site-content-layout":"default","ast-site-content-layout":"default","site-content-style":"default","site-sidebar-style":"default","ast-global-header-display":"","ast-banner-title-visibility":"","ast-main-header-display":"","ast-hfb-above-header-display":"","ast-hfb-below-header-display":"","ast-hfb-mobile-header-display":"","site-post-title":"disabled","ast-breadcrumbs-content":"disabled","ast-featured-img":"","footer-sml-layout":"","theme-transparent-header-meta":"default","adv-header-id-meta":"","stick-header-meta":"default","header-above-stick-meta":"","header-main-stick-meta":"","header-below-stick-meta":"","astra-migrate-meta-layouts":"set","ast-page-background-enabled":"default","ast-page-background-meta":{"desktop":{"background-color":"","background-image":"","background-repeat":"repeat","background-position":"center center","background-size":"auto","background-attachment":"scroll","background-type":"","background-media":"","overlay-type":"","overlay-color":"","overlay-gradient":""},"tablet":{"background-color":"","background-image":"","background-repeat":"repeat","background-position":"center center","background-size":"auto","background-attachment":"scroll","background-type":"","background-media":"","overlay-type":"","overlay-color":"","overlay-gradient":""},"mobile":{"background-color":"","background-image":"","background-repeat":"repeat","background-position":"center center","background-size":"auto","background-attachment":"scroll","background-type":"","background-media":"","overlay-type":"","overlay-color":"","overlay-gradient":""}},"ast-content-background-meta":{"desktop":{"background-color":"var(--ast-global-color-5)","background-image":"","background-repeat":"repeat","background-position":"center center","background-size":"auto","background-attachment":"scroll","background-type":"","background-media":"","overlay-type":"","overlay-color":"","overlay-gradient":""},"tablet":{"background-color":"var(--ast-global-color-5)","background-image":"","background-repeat":"repeat","background-position":"center center","background-size":"auto","background-attachment":"scroll","background-type":"","background-media":"","overlay-type":"","overlay-color":"","overlay-gradient":""},"mobile":{"background-color":"var(--ast-global-color-5)","background-image":"","background-repeat":"repeat","background-position":"center center","background-size":"auto","background-attachment":"scroll","background-type":"","background-media":"","overlay-type":"","overlay-color":"","overlay-gradient":""}},"footnotes":""},"class_list":["post-1887","page","type-page","status-publish","hentry"],"jetpack_sharing_enabled":true,"uagb_featured_image_src":{"full":false,"thumbnail":false,"medium":false,"medium_large":false,"large":false,"1536x1536":false,"2048x2048":false,"trp-custom-language-flag":false,"woocommerce_thumbnail":false,"woocommerce_single":false,"woocommerce_gallery_thumbnail":false},"uagb_author_info":{"display_name":"EspressinoCrunch","author_link":"https:\/\/glimjawholesale.com\/en\/author\/espressinocrunch\/"},"uagb_comment_info":0,"uagb_excerpt":"L\u00e5t oss glimja tillsammans! Vi vill bidra till en v\u00e4rld d\u00e4r m\u00e4nniskor, djur och planeten kan glimja. Vi finns till f\u00f6r att: F\u00f6renkla godare h\u00e4lsa Vi tycker att h\u00e4lsa ska vara enkelt och roligt. Inte stressig och tidskr\u00e4vande. Det \u00e4r d\u00e4rf\u00f6r vi studerar, testar och noggrant v\u00e4ljer ut de b\u00e4sta produkterna p\u00e5 marknaden utifr\u00e5n h\u00f6ga&hellip;","_links":{"self":[{"href":"https:\/\/glimjawholesale.com\/en\/wp-json\/wp\/v2\/pages\/1887","targetHints":{"allow":["GET"]}}],"collection":[{"href":"https:\/\/glimjawholesale.com\/en\/wp-json\/wp\/v2\/pages"}],"about":[{"href":"https:\/\/glimjawholesale.com\/en\/wp-json\/wp\/v2\/types\/page"}],"author":[{"embeddable":true,"href":"https:\/\/glimjawholesale.com\/en\/wp-json\/wp\/v2\/users\/1"}],"replies":[{"embeddable":true,"href":"https:\/\/glimjawholesale.com\/en\/wp-json\/wp\/v2\/comments?post=1887"}],"version-history":[{"count":26,"href":"https:\/\/glimjawholesale.com\/en\/wp-json\/wp\/v2\/pages\/1887\/revisions"}],"predecessor-version":[{"id":5385,"href":"https:\/\/glimjawholesale.com\/en\/wp-json\/wp\/v2\/pages\/1887\/revisions\/5385"}],"wp:attachment":[{"href":"https:\/\/glimjawholesale.com\/en\/wp-json\/wp\/v2\/media?parent=1887"}],"curies":[{"name":"wp","href":"https:\/\/api.w.org\/{rel}","templated":true}]}}