{"id":1929,"date":"2021-08-17T09:17:48","date_gmt":"2021-08-17T09:17:48","guid":{"rendered":"https:\/\/glimjawholesale.com\/?page_id=1929"},"modified":"2026-02-20T12:37:39","modified_gmt":"2026-02-20T10:37:39","slug":"samarbeta-med-glimja-distribution","status":"publish","type":"page","link":"https:\/\/glimjawholesale.com\/en\/samarbeta-med-glimja-distribution\/","title":{"rendered":"Collaborate with Glimja Distribution"},"content":{"rendered":"<div class=\"wp-block-group alignfull has-black-color has-white-background-color has-text-color has-background is-layout-flow wp-block-group-is-layout-flow\"><div class=\"wp-block-group__inner-container\">\n<div class=\"wp-block-media-text is-stacked-on-mobile is-vertically-aligned-center\"><figure class=\"wp-block-media-text__media\"><img loading=\"lazy\" decoding=\"async\" width=\"700\" height=\"500\" src=\"https:\/\/glimjawholesale.com\/wp-content\/uploads\/2021\/10\/Untitled-design-89.png\" alt=\"\" class=\"wp-image-2024 size-full\" srcset=\"https:\/\/glimjawholesale.com\/wp-content\/uploads\/2021\/10\/Untitled-design-89.png 700w, https:\/\/glimjawholesale.com\/wp-content\/uploads\/2021\/10\/Untitled-design-89-300x214.png 300w, https:\/\/glimjawholesale.com\/wp-content\/uploads\/2021\/10\/Untitled-design-89-600x429.png 600w, https:\/\/glimjawholesale.com\/wp-content\/uploads\/2021\/10\/Untitled-design-89-64x46.png 64w\" sizes=\"auto, (max-width: 700px) 100vw, 700px\" \/><\/figure><div class=\"wp-block-media-text__content\">\n<h5 class=\"wp-block-heading\" id=\"pa-glimja-distribution\">Glimja Distribution<\/h5>\n\n\n\n<h1 class=\"wp-block-heading has-text-align-left has-text-color\" id=\"hjalper-vi-halso-och-hallbarhetsfokuserade-varumarken-att-vaxa-i-europa\" style=\"color:#00af83\">We help health and sustainability-focused brands to grow in Europe.<\/h1>\n\n\n\n<div class=\"wp-block-buttons is-horizontal is-content-justification-left is-layout-flex wp-container-core-buttons-is-layout-20be11b6 wp-block-buttons-is-layout-flex\">\n<div class=\"wp-block-button\"><a class=\"wp-block-button__link wp-element-button\" href=\"#test\">Contact Us!<\/a><\/div>\n<\/div>\n<\/div><\/div>\n<\/div><\/div>\n\n\n\n<div class=\"wp-block-group alignfull has-white-background-color has-background is-layout-flow wp-block-group-is-layout-flow\"><div class=\"wp-block-group__inner-container\">\n<div class=\"wp-block-columns alignwide are-vertically-aligned-top is-layout-flex wp-container-core-columns-is-layout-28f84493 wp-block-columns-is-layout-flex\">\n<div class=\"wp-block-column is-vertically-aligned-top is-layout-flow wp-block-column-is-layout-flow\" style=\"flex-basis:33.33%\">\n<h5 class=\"wp-block-heading\" id=\"vill-du-vaxa-ditt-varumarke-och-dina-distributionskanaler\">Do you want to expand your brand and your distribution channels?<\/h5>\n\n\n\n<h2 class=\"wp-block-heading has-text-color\" id=\"da-ar-vi-ratt-partner\" style=\"color:#00af83\">Then we are the right partner for you!<\/h2>\n<\/div>\n\n\n\n<div class=\"wp-block-column is-vertically-aligned-top is-layout-flow wp-block-column-is-layout-flow\" style=\"flex-basis:66.66%\">\n<h3 class=\"wp-block-heading has-text-color\" id=\"ett-mangsidigt-natverk-av-aterforsaljare\" style=\"color:#00af83\">A versatile network of dealers<\/h3>\n\n\n\n<p>After many years in the industry, we have a well-established network of resellers. Through us, your products reach customers via health stores, online stores, coaches and therapists.<\/p>\n\n\n\n<h3 class=\"wp-block-heading has-text-color\" id=\"exklusiv-distributor\" style=\"color:#00af83\">Exclusive distributor<\/h3>\n\n\n\n<p>Det v\u00e4rldsk\u00e4nda varum\u00e4rket Therasage \u00e4r s\u00e5 n\u00f6jd med v\u00e5r distribution att de har utsett oss till exklusiv distribut\u00f6r i Skandinavien och Europa.<\/p>\n<\/div>\n<\/div>\n<\/div><\/div>\n\n\n\n<div class=\"wp-block-group alignfull has-white-background-color has-background is-layout-flow wp-block-group-is-layout-flow\" id=\"test\"><div class=\"wp-block-group__inner-container\">\n<div class=\"wp-block-columns alignwide are-vertically-aligned-center has-white-background-color has-background is-layout-flex wp-container-core-columns-is-layout-28f84493 wp-block-columns-is-layout-flex\">\n<div class=\"wp-block-column is-vertically-aligned-center is-layout-flow wp-block-column-is-layout-flow\" style=\"flex-basis:33.33%\">\n<h3 class=\"wp-block-heading has-text-color\" id=\"nagra-av-vara-partners\" style=\"color:#00af83\">Some of our partners:<\/h3>\n<\/div>\n\n\n\n<div class=\"wp-block-column is-vertically-aligned-center is-layout-flow wp-block-column-is-layout-flow\" style=\"flex-basis:66.66%\">\n<figure class=\"wp-block-gallery alignwide has-nested-images columns-4 wp-block-gallery-1 is-layout-flex wp-block-gallery-is-layout-flex\">\n<figure class=\"wp-block-image size-full\"><img loading=\"lazy\" decoding=\"async\" width=\"800\" height=\"400\" data-id=\"5290\" src=\"https:\/\/glimjawholesale.com\/wp-content\/uploads\/2026\/02\/earth-harmony-logotyp.png\" alt=\"\" class=\"wp-image-5290\" srcset=\"https:\/\/glimjawholesale.com\/wp-content\/uploads\/2026\/02\/earth-harmony-logotyp.png 800w, https:\/\/glimjawholesale.com\/wp-content\/uploads\/2026\/02\/earth-harmony-logotyp-300x150.png 300w, https:\/\/glimjawholesale.com\/wp-content\/uploads\/2026\/02\/earth-harmony-logotyp-768x384.png 768w, https:\/\/glimjawholesale.com\/wp-content\/uploads\/2026\/02\/earth-harmony-logotyp-18x9.png 18w, https:\/\/glimjawholesale.com\/wp-content\/uploads\/2026\/02\/earth-harmony-logotyp-600x300.png 600w\" sizes=\"auto, (max-width: 800px) 100vw, 800px\" \/><\/figure>\n\n\n\n<figure class=\"wp-block-image size-full\"><img loading=\"lazy\" decoding=\"async\" width=\"274\" height=\"104\" data-id=\"264\" src=\"https:\/\/glimjawholesale.com\/wp-content\/uploads\/2021\/06\/Copy-of-jkljlkdf-2.png\" alt=\"\" class=\"wp-image-264\"\/><\/figure>\n\n\n\n<figure class=\"wp-block-image size-full\"><img loading=\"lazy\" decoding=\"async\" width=\"800\" height=\"400\" data-id=\"5289\" src=\"https:\/\/glimjawholesale.com\/wp-content\/uploads\/2026\/02\/global-healing-logotyp.png\" alt=\"\" class=\"wp-image-5289\" srcset=\"https:\/\/glimjawholesale.com\/wp-content\/uploads\/2026\/02\/global-healing-logotyp.png 800w, https:\/\/glimjawholesale.com\/wp-content\/uploads\/2026\/02\/global-healing-logotyp-300x150.png 300w, https:\/\/glimjawholesale.com\/wp-content\/uploads\/2026\/02\/global-healing-logotyp-768x384.png 768w, https:\/\/glimjawholesale.com\/wp-content\/uploads\/2026\/02\/global-healing-logotyp-18x9.png 18w, https:\/\/glimjawholesale.com\/wp-content\/uploads\/2026\/02\/global-healing-logotyp-600x300.png 600w\" sizes=\"auto, (max-width: 800px) 100vw, 800px\" \/><\/figure>\n\n\n\n<figure class=\"wp-block-image size-full\"><img loading=\"lazy\" decoding=\"async\" width=\"274\" height=\"104\" data-id=\"127\" src=\"https:\/\/glimjawholesale.com\/wp-content\/uploads\/2021\/06\/therasage_com_logo.png\" alt=\"\" class=\"wp-image-127\"\/><\/figure>\n<\/figure>\n\n\n\n<p><\/p>\n<\/div>\n<\/div>\n<\/div><\/div>\n\n\n<div style=\"width: 100%; height: 400px;\" data-tf-widget=\"bIYtda1y\">&nbsp;<\/div>\n<p><script src=\"\/\/embed.typeform.com\/next\/embed.js\"><\/script><\/p>\n\n\n<p><\/p>","protected":false},"excerpt":{"rendered":"<p>Glimja Distribution Vi hj\u00e4lper h\u00e4lso- och h\u00e5llbarhetsfokuserade varum\u00e4rken att v\u00e4xa i Europa. Vill du expandera ditt varum\u00e4rke och dina distributionskanaler? D\u00e5 \u00e4r vi r\u00e4tt partner f\u00f6r dig! Ett m\u00e5ngsidigt n\u00e4tverk av \u00e5terf\u00f6rs\u00e4ljare Efter m\u00e5nga \u00e5r i branschen har vi ett v\u00e4letablerat n\u00e4tverk av \u00e5terf\u00f6rs\u00e4ljare. Genom oss n\u00e5r dina produkter kunder via h\u00e4lsobutiker, webbutiker, coacher och [&hellip;]<\/p>","protected":false},"author":1,"featured_media":0,"parent":0,"menu_order":0,"comment_status":"closed","ping_status":"closed","template":"","meta":{"_uag_custom_page_level_css":"","site-sidebar-layout":"default","site-content-layout":"default","ast-site-content-layout":"default","site-content-style":"default","site-sidebar-style":"default","ast-global-header-display":"","ast-banner-title-visibility":"","ast-main-header-display":"","ast-hfb-above-header-display":"","ast-hfb-below-header-display":"","ast-hfb-mobile-header-display":"","site-post-title":"disabled","ast-breadcrumbs-content":"","ast-featured-img":"","footer-sml-layout":"","theme-transparent-header-meta":"default","adv-header-id-meta":"","stick-header-meta":"default","header-above-stick-meta":"","header-main-stick-meta":"","header-below-stick-meta":"","astra-migrate-meta-layouts":"set","ast-page-background-enabled":"default","ast-page-background-meta":{"desktop":{"background-color":"","background-image":"","background-repeat":"repeat","background-position":"center center","background-size":"auto","background-attachment":"scroll","background-type":"","background-media":"","overlay-type":"","overlay-color":"","overlay-gradient":""},"tablet":{"background-color":"","background-image":"","background-repeat":"repeat","background-position":"center center","background-size":"auto","background-attachment":"scroll","background-type":"","background-media":"","overlay-type":"","overlay-color":"","overlay-gradient":""},"mobile":{"background-color":"","background-image":"","background-repeat":"repeat","background-position":"center center","background-size":"auto","background-attachment":"scroll","background-type":"","background-media":"","overlay-type":"","overlay-color":"","overlay-gradient":""}},"ast-content-background-meta":{"desktop":{"background-color":"var(--ast-global-color-5)","background-image":"","background-repeat":"repeat","background-position":"center center","background-size":"auto","background-attachment":"scroll","background-type":"","background-media":"","overlay-type":"","overlay-color":"","overlay-gradient":""},"tablet":{"background-color":"var(--ast-global-color-5)","background-image":"","background-repeat":"repeat","background-position":"center center","background-size":"auto","background-attachment":"scroll","background-type":"","background-media":"","overlay-type":"","overlay-color":"","overlay-gradient":""},"mobile":{"background-color":"var(--ast-global-color-5)","background-image":"","background-repeat":"repeat","background-position":"center center","background-size":"auto","background-attachment":"scroll","background-type":"","background-media":"","overlay-type":"","overlay-color":"","overlay-gradient":""}},"footnotes":""},"class_list":["post-1929","page","type-page","status-publish","hentry"],"jetpack_sharing_enabled":true,"uagb_featured_image_src":{"full":false,"thumbnail":false,"medium":false,"medium_large":false,"large":false,"1536x1536":false,"2048x2048":false,"trp-custom-language-flag":false,"woocommerce_thumbnail":false,"woocommerce_single":false,"woocommerce_gallery_thumbnail":false},"uagb_author_info":{"display_name":"EspressinoCrunch","author_link":"https:\/\/glimjawholesale.com\/en\/author\/espressinocrunch\/"},"uagb_comment_info":0,"uagb_excerpt":"Glimja Distribution Vi hj\u00e4lper h\u00e4lso- och h\u00e5llbarhetsfokuserade varum\u00e4rken att v\u00e4xa i Europa. Vill du expandera ditt varum\u00e4rke och dina distributionskanaler? D\u00e5 \u00e4r vi r\u00e4tt partner f\u00f6r dig! Ett m\u00e5ngsidigt n\u00e4tverk av \u00e5terf\u00f6rs\u00e4ljare Efter m\u00e5nga \u00e5r i branschen har vi ett v\u00e4letablerat n\u00e4tverk av \u00e5terf\u00f6rs\u00e4ljare. Genom oss n\u00e5r dina produkter kunder via h\u00e4lsobutiker, webbutiker, coacher och&hellip;","_links":{"self":[{"href":"https:\/\/glimjawholesale.com\/en\/wp-json\/wp\/v2\/pages\/1929","targetHints":{"allow":["GET"]}}],"collection":[{"href":"https:\/\/glimjawholesale.com\/en\/wp-json\/wp\/v2\/pages"}],"about":[{"href":"https:\/\/glimjawholesale.com\/en\/wp-json\/wp\/v2\/types\/page"}],"author":[{"embeddable":true,"href":"https:\/\/glimjawholesale.com\/en\/wp-json\/wp\/v2\/users\/1"}],"replies":[{"embeddable":true,"href":"https:\/\/glimjawholesale.com\/en\/wp-json\/wp\/v2\/comments?post=1929"}],"version-history":[{"count":18,"href":"https:\/\/glimjawholesale.com\/en\/wp-json\/wp\/v2\/pages\/1929\/revisions"}],"predecessor-version":[{"id":5362,"href":"https:\/\/glimjawholesale.com\/en\/wp-json\/wp\/v2\/pages\/1929\/revisions\/5362"}],"wp:attachment":[{"href":"https:\/\/glimjawholesale.com\/en\/wp-json\/wp\/v2\/media?parent=1929"}],"curies":[{"name":"wp","href":"https:\/\/api.w.org\/{rel}","templated":true}]}}