{"id":2038,"date":"2022-02-25T13:03:50","date_gmt":"2022-02-25T11:03:50","guid":{"rendered":"https:\/\/glimjawholesale.com\/?page_id=2038"},"modified":"2022-02-25T13:04:15","modified_gmt":"2022-02-25T11:04:15","slug":"leverans","status":"publish","type":"page","link":"https:\/\/glimjawholesale.com\/en\/leverans\/","title":{"rendered":"Delivery"},"content":{"rendered":"<p><strong>DELIVERIES:<br><br>We send with DHL company packages:<\/strong><\/p>\n\n\n\n<ul class=\"wp-block-list\"><li>The recipient must be on site upon delivery.<\/li><li>Extra shipping fees that arise due to the recipient not being on site or having entered an incorrect address will be charged to the recipient (SEK 100 per shipment).<\/li><li>Delivery takes place to the company&#039;s delivery \/ goods reception weekdays between 08: 00-16: 00.<\/li><\/ul>\n\n\n\n<p><strong>We ship with DHL Service Point:<\/strong><\/p>\n\n\n\n<ul class=\"wp-block-list\"><li>If your delivery address goes to your home address, you must select delivery via DHL service point.<\/li><li>If your delivery address goes directly to the end customer (drop-ship), you must select delivery via DHL service point.<\/li><\/ul>\n\n\n\n<p>Normal delivery time is 2-4 days if the item is in stock.<\/p>\n\n\n\n<p><strong>We ship with Fedex to EU countries.<\/strong><\/p>\n\n\n\n<p><strong>SHIPPING PRICE<\/strong><\/p>\n\n\n\n<p>\u2022 We offer free shipping on purchases over SEK 5,000 ex. VAT to the customer company&#039;s address.<br>\u2022 For purchases under SEK 5,000 ex VAT, shipping will be added. NOTE: Fedex abroad costs from SEK 115 and up.<br>\u2022 Shipping will be added to another address (drop-ship): SEK 99 ex VAT, regardless of the purchase amount.<\/p>","protected":false},"excerpt":{"rendered":"<p>LEVERANSER: Vi skickar med DHL f\u00f6retagspaket: Mottagaren m\u00e5ste vara p\u00e5 plats vid leverans. Extra fraktavgifter som uppkommer p\u00e5 grund av mottagaren inte \u00e4r p\u00e5 plats eller har angett felaktig adress debiteras mottagaren (100 kr per s\u00e4ndning). Leveransen sker till f\u00f6retagets leverans\/godsmottagning vardagar mellan 08:00-16:00. Vi skickar med DHL Service Point: Om din leveransadress g\u00e5r till [&hellip;]<\/p>","protected":false},"author":1,"featured_media":0,"parent":0,"menu_order":0,"comment_status":"closed","ping_status":"closed","template":"","meta":{"_uag_custom_page_level_css":"","site-sidebar-layout":"default","site-content-layout":"","ast-site-content-layout":"","site-content-style":"default","site-sidebar-style":"default","ast-global-header-display":"","ast-banner-title-visibility":"","ast-main-header-display":"","ast-hfb-above-header-display":"","ast-hfb-below-header-display":"","ast-hfb-mobile-header-display":"","site-post-title":"","ast-breadcrumbs-content":"","ast-featured-img":"","footer-sml-layout":"","theme-transparent-header-meta":"","adv-header-id-meta":"","stick-header-meta":"","header-above-stick-meta":"","header-main-stick-meta":"","header-below-stick-meta":"","astra-migrate-meta-layouts":"default","ast-page-background-enabled":"default","ast-page-background-meta":{"desktop":{"background-color":"","background-image":"","background-repeat":"repeat","background-position":"center center","background-size":"auto","background-attachment":"scroll","background-type":"","background-media":"","overlay-type":"","overlay-color":"","overlay-gradient":""},"tablet":{"background-color":"","background-image":"","background-repeat":"repeat","background-position":"center center","background-size":"auto","background-attachment":"scroll","background-type":"","background-media":"","overlay-type":"","overlay-color":"","overlay-gradient":""},"mobile":{"background-color":"","background-image":"","background-repeat":"repeat","background-position":"center center","background-size":"auto","background-attachment":"scroll","background-type":"","background-media":"","overlay-type":"","overlay-color":"","overlay-gradient":""}},"ast-content-background-meta":{"desktop":{"background-color":"var(--ast-global-color-5)","background-image":"","background-repeat":"repeat","background-position":"center center","background-size":"auto","background-attachment":"scroll","background-type":"","background-media":"","overlay-type":"","overlay-color":"","overlay-gradient":""},"tablet":{"background-color":"var(--ast-global-color-5)","background-image":"","background-repeat":"repeat","background-position":"center center","background-size":"auto","background-attachment":"scroll","background-type":"","background-media":"","overlay-type":"","overlay-color":"","overlay-gradient":""},"mobile":{"background-color":"var(--ast-global-color-5)","background-image":"","background-repeat":"repeat","background-position":"center center","background-size":"auto","background-attachment":"scroll","background-type":"","background-media":"","overlay-type":"","overlay-color":"","overlay-gradient":""}},"footnotes":""},"class_list":["post-2038","page","type-page","status-publish","hentry"],"jetpack_sharing_enabled":true,"uagb_featured_image_src":{"full":false,"thumbnail":false,"medium":false,"medium_large":false,"large":false,"1536x1536":false,"2048x2048":false,"trp-custom-language-flag":false,"woocommerce_thumbnail":false,"woocommerce_single":false,"woocommerce_gallery_thumbnail":false},"uagb_author_info":{"display_name":"EspressinoCrunch","author_link":"https:\/\/glimjawholesale.com\/en\/author\/espressinocrunch\/"},"uagb_comment_info":0,"uagb_excerpt":"LEVERANSER: Vi skickar med DHL f\u00f6retagspaket: Mottagaren m\u00e5ste vara p\u00e5 plats vid leverans. Extra fraktavgifter som uppkommer p\u00e5 grund av mottagaren inte \u00e4r p\u00e5 plats eller har angett felaktig adress debiteras mottagaren (100 kr per s\u00e4ndning). Leveransen sker till f\u00f6retagets leverans\/godsmottagning vardagar mellan 08:00-16:00. Vi skickar med DHL Service Point: Om din leveransadress g\u00e5r till&hellip;","_links":{"self":[{"href":"https:\/\/glimjawholesale.com\/en\/wp-json\/wp\/v2\/pages\/2038","targetHints":{"allow":["GET"]}}],"collection":[{"href":"https:\/\/glimjawholesale.com\/en\/wp-json\/wp\/v2\/pages"}],"about":[{"href":"https:\/\/glimjawholesale.com\/en\/wp-json\/wp\/v2\/types\/page"}],"author":[{"embeddable":true,"href":"https:\/\/glimjawholesale.com\/en\/wp-json\/wp\/v2\/users\/1"}],"replies":[{"embeddable":true,"href":"https:\/\/glimjawholesale.com\/en\/wp-json\/wp\/v2\/comments?post=2038"}],"version-history":[{"count":1,"href":"https:\/\/glimjawholesale.com\/en\/wp-json\/wp\/v2\/pages\/2038\/revisions"}],"predecessor-version":[{"id":3747,"href":"https:\/\/glimjawholesale.com\/en\/wp-json\/wp\/v2\/pages\/2038\/revisions\/3747"}],"wp:attachment":[{"href":"https:\/\/glimjawholesale.com\/en\/wp-json\/wp\/v2\/media?parent=2038"}],"curies":[{"name":"wp","href":"https:\/\/api.w.org\/{rel}","templated":true}]}}