{"id":275,"date":"2021-06-24T20:34:21","date_gmt":"2021-06-24T20:34:21","guid":{"rendered":"https:\/\/glimjawholesale.com\/?page_id=275"},"modified":"2026-02-23T13:59:46","modified_gmt":"2026-02-23T11:59:46","slug":"vara-varumarken","status":"publish","type":"page","link":"https:\/\/glimjawholesale.com\/en\/vara-varumarken\/","title":{"rendered":"our brands"},"content":{"rendered":"<div class=\"inherit-container-width wp-block-group alignfull has-white-color has-text-color has-background is-layout-constrained wp-block-group-is-layout-constrained\" style=\"background:linear-gradient(135deg,rgb(47,188,131) 0%,rgb(3,155,99) 100%)\"><div class=\"wp-block-group__inner-container\">\n<h6 class=\"wp-block-heading has-text-align-center has-white-color has-text-color\" id=\"valkommen-till-var\">WELCOME TO OUR<\/h6>\n\n\n\n<h2 class=\"wp-block-heading has-text-align-center has-white-color has-text-color\" id=\"familj-av-varumarken\">Family of brands<\/h2>\n\n\n\n<p class=\"has-text-align-center has-white-color has-text-color\">Some brands are restricted to specific countries or<br>types of business. Contact us for more information.<\/p>\n<\/div><\/div>\n\n\n\n<div class=\"inherit-container-width wp-block-group alignfull has-white-background-color has-background is-layout-constrained wp-block-group-is-layout-constrained\"><div class=\"wp-block-group__inner-container\">\n<div class=\"wp-block-columns alignwide are-vertically-aligned-top is-layout-flex wp-container-core-columns-is-layout-28f84493 wp-block-columns-is-layout-flex\">\n<div class=\"wp-block-column is-vertically-aligned-top is-layout-flow wp-block-column-is-layout-flow\">\n<figure class=\"wp-block-image alignleft size-large\"><img loading=\"lazy\" decoding=\"async\" width=\"360\" height=\"465\" src=\"https:\/\/glimjawholesale.com\/wp-content\/uploads\/2021\/06\/3-1.jpg\" alt=\"\" class=\"wp-image-285\" srcset=\"https:\/\/glimjawholesale.com\/wp-content\/uploads\/2021\/06\/3-1.jpg 360w, https:\/\/glimjawholesale.com\/wp-content\/uploads\/2021\/06\/3-1-232x300.jpg 232w\" sizes=\"auto, (max-width: 360px) 100vw, 360px\" \/><\/figure>\n\n\n\n<div style=\"height:20px\" aria-hidden=\"true\" class=\"wp-block-spacer\"><\/div>\n\n\n\n<h3 class=\"wp-block-heading has-text-color\" id=\"vegetology\" style=\"color:#00af83\">Vegetology<\/h3>\n\n\n\n<p>Vegan-friendly omega-3 and vitamin D3! Vegetology is an English company that makes vegan-friendly supplements. They were the first on the market with vegan friendly Omega 3 made from algae and Vitamin D3 made from moss; which they call Vitashine.\u00a0<\/p>\n<\/div>\n\n\n\n<div class=\"wp-block-column is-vertically-aligned-top is-layout-flow wp-block-column-is-layout-flow\">\n<figure class=\"wp-block-image alignleft size-large\"><img loading=\"lazy\" decoding=\"async\" width=\"360\" height=\"465\" src=\"https:\/\/glimjawholesale.com\/wp-content\/uploads\/2021\/06\/2-1.jpg\" alt=\"\" class=\"wp-image-284\" srcset=\"https:\/\/glimjawholesale.com\/wp-content\/uploads\/2021\/06\/2-1.jpg 360w, https:\/\/glimjawholesale.com\/wp-content\/uploads\/2021\/06\/2-1-232x300.jpg 232w\" sizes=\"auto, (max-width: 360px) 100vw, 360px\" \/><\/figure>\n\n\n\n<div style=\"height:20px\" aria-hidden=\"true\" class=\"wp-block-spacer\"><\/div>\n\n\n\n<h3 class=\"wp-block-heading has-text-color\" id=\"therasage\" style=\"color:#00af83\">TheraSage<\/h3>\n\n\n\n<p>Revolutionary infrared saunas, water purifiers, EMF protection, ozone machines and much more! Therasage's special technology with gemstones and grounding can bring great health benefits to your customers.<\/p>\n<\/div>\n\n\n\n<div class=\"wp-block-column is-vertically-aligned-top is-layout-flow wp-block-column-is-layout-flow\">\n<figure class=\"wp-block-image alignleft size-full\"><img loading=\"lazy\" decoding=\"async\" width=\"360\" height=\"465\" src=\"https:\/\/glimjawholesale.com\/wp-content\/uploads\/2026\/02\/Glimja-Wholesale-1.png\" alt=\"\" class=\"wp-image-5300\" srcset=\"https:\/\/glimjawholesale.com\/wp-content\/uploads\/2026\/02\/Glimja-Wholesale-1.png 360w, https:\/\/glimjawholesale.com\/wp-content\/uploads\/2026\/02\/Glimja-Wholesale-1-232x300.png 232w, https:\/\/glimjawholesale.com\/wp-content\/uploads\/2026\/02\/Glimja-Wholesale-1-9x12.png 9w\" sizes=\"auto, (max-width: 360px) 100vw, 360px\" \/><\/figure>\n\n\n\n<h3 class=\"wp-block-heading has-text-color\" id=\"vimergy\" style=\"color:#00af83\">Earth Harmony<\/h3>\n\n\n\n<p>Earth Harmony st\u00e5r f\u00f6r ren och medveten h\u00e4lsa! Deras kosttillskott \u00e4r utvecklade med ekologiska, veganska och icke GMO ingredienser utan socker, fyllnadsmedel eller on\u00f6diga tillsatser. Varje produkt testas noggrant f\u00f6r kvalitet och ger kroppen naturligt st\u00f6d varje dag!<\/p>\n\n\n\n<p><\/p>\n<\/div>\n<\/div>\n<\/div><\/div>\n\n\n\n<div class=\"inherit-container-width wp-block-group alignfull has-white-background-color has-background is-layout-constrained wp-block-group-is-layout-constrained\"><div class=\"wp-block-group__inner-container\">\n<div class=\"wp-block-columns alignwide are-vertically-aligned-top is-layout-flex wp-container-core-columns-is-layout-28f84493 wp-block-columns-is-layout-flex\">\n<div class=\"wp-block-column is-vertically-aligned-top is-layout-flow wp-block-column-is-layout-flow\">\n<figure class=\"wp-block-image alignleft size-full\"><img loading=\"lazy\" decoding=\"async\" width=\"360\" height=\"465\" src=\"https:\/\/glimjawholesale.com\/wp-content\/uploads\/2026\/02\/Global-Healing.png\" alt=\"\" class=\"wp-image-5382\" srcset=\"https:\/\/glimjawholesale.com\/wp-content\/uploads\/2026\/02\/Global-Healing.png 360w, https:\/\/glimjawholesale.com\/wp-content\/uploads\/2026\/02\/Global-Healing-232x300.png 232w, https:\/\/glimjawholesale.com\/wp-content\/uploads\/2026\/02\/Global-Healing-9x12.png 9w\" sizes=\"auto, (max-width: 360px) 100vw, 360px\" \/><\/figure>\n\n\n\n<div style=\"height:20px\" aria-hidden=\"true\" class=\"wp-block-spacer\"><\/div>\n\n\n\n<h3 class=\"wp-block-heading has-text-color\" id=\"vermont-soap\" style=\"color:#00af83\">Global Healing<\/h3>\n\n\n\n<p>A family-owned brand of natural, organic supplements, vitamins, and detox programs made with pure ingredients. The herbal extracts are produced with the unique Spagyrex\u00ae process. A revolutionary, multi-step technology that follows the principle of separating and recombining all parts of an herb to extract the most powerful extract possible.<\/p>\n<\/div>\n\n\n\n<div class=\"wp-block-column is-vertically-aligned-top is-layout-flow wp-block-column-is-layout-flow\">\n<figure class=\"wp-block-image alignleft size-full\"><img loading=\"lazy\" decoding=\"async\" width=\"360\" height=\"465\" src=\"https:\/\/glimjawholesale.com\/wp-content\/uploads\/2021\/08\/10.png\" alt=\"\" class=\"wp-image-1948\" srcset=\"https:\/\/glimjawholesale.com\/wp-content\/uploads\/2021\/08\/10.png 360w, https:\/\/glimjawholesale.com\/wp-content\/uploads\/2021\/08\/10-232x300.png 232w, https:\/\/glimjawholesale.com\/wp-content\/uploads\/2021\/08\/10-64x83.png 64w\" sizes=\"auto, (max-width: 360px) 100vw, 360px\" \/><\/figure>\n\n\n\n<div style=\"height:20px\" aria-hidden=\"true\" class=\"wp-block-spacer\"><\/div>\n\n\n\n<h3 class=\"wp-block-heading has-text-color\" id=\"garden-of-life\" style=\"color:#00af83\">Garden of Life<\/h3>\n\n\n\n<p>Natural wholefoods supplements known worldwide! Garden of Life combiners natural ingredients of the highest quality with modern science to offer a pathway to optimal health. The range includes some of the best probiotics on the market, green superfoods, top-quality vegan protein and the best coconut oil we've tasted.<\/p>\n<\/div>\n\n\n\n<div class=\"wp-block-column is-vertically-aligned-top is-layout-flow wp-block-column-is-layout-flow\">\n<figure class=\"wp-block-image alignleft size-full\"><img loading=\"lazy\" decoding=\"async\" width=\"360\" height=\"465\" src=\"https:\/\/glimjawholesale.com\/wp-content\/uploads\/2021\/08\/12.png\" alt=\"\" class=\"wp-image-1951\" srcset=\"https:\/\/glimjawholesale.com\/wp-content\/uploads\/2021\/08\/12.png 360w, https:\/\/glimjawholesale.com\/wp-content\/uploads\/2021\/08\/12-232x300.png 232w, https:\/\/glimjawholesale.com\/wp-content\/uploads\/2021\/08\/12-64x83.png 64w\" sizes=\"auto, (max-width: 360px) 100vw, 360px\" \/><\/figure>\n\n\n\n<div style=\"height:20px\" aria-hidden=\"true\" class=\"wp-block-spacer\"><\/div>\n\n\n\n<h3 class=\"wp-block-heading has-text-color\" id=\"fushi\" style=\"color:#00af83\">Omniblend<\/h3>\n\n\n\n<p>Professional mixers &amp; blenders at great prices! Omniblend has combined the best design features with the most powerful motors to create a high quality blender at an affordable price. Their best-selling blenders are suitable for anyone who enjoys cooking.<\/p>\n<\/div>\n<\/div>\n<\/div><\/div>\n\n\n\n<div class=\"inherit-container-width wp-block-group alignfull has-white-background-color has-background is-layout-constrained wp-block-group-is-layout-constrained\"><div class=\"wp-block-group__inner-container\">\n<div class=\"wp-block-columns alignwide are-vertically-aligned-top is-layout-flex wp-container-core-columns-is-layout-28f84493 wp-block-columns-is-layout-flex\">\n<div class=\"wp-block-column is-vertically-aligned-top is-layout-flow wp-block-column-is-layout-flow\">\n<figure class=\"wp-block-image alignleft size-full\"><img loading=\"lazy\" decoding=\"async\" width=\"360\" height=\"465\" src=\"https:\/\/glimjawholesale.com\/wp-content\/uploads\/2022\/02\/1.png\" alt=\"\" class=\"wp-image-2070\" srcset=\"https:\/\/glimjawholesale.com\/wp-content\/uploads\/2022\/02\/1.png 360w, https:\/\/glimjawholesale.com\/wp-content\/uploads\/2022\/02\/1-232x300.png 232w, https:\/\/glimjawholesale.com\/wp-content\/uploads\/2022\/02\/1-9x12.png 9w, https:\/\/glimjawholesale.com\/wp-content\/uploads\/2022\/02\/1-64x83.png 64w\" sizes=\"auto, (max-width: 360px) 100vw, 360px\" \/><\/figure>\n\n\n\n<div style=\"height:20px\" aria-hidden=\"true\" class=\"wp-block-spacer\"><\/div>\n\n\n\n<h3 class=\"wp-block-heading has-text-color\" id=\"vermont-soap\" style=\"color:#00af83\">La Droguerie \u00c9cologique<\/h3>\n\n\n\n<p>For more than 15 years, La droguerie \u00e9cologiques&#039; motto has been &quot;Make your own cleaning products!&quot;. La droguerie \u00e9cologique&#039;s products help you make your own home cleaning products. With few, simple, efficient and affordable raw materials, you can make your own cleaning and cleaning products with simple DIY recipes. La droguerie \u00e9cologique\u00ae&#039;s products are made in France or in Western Europe and are made with natural ingredients.<\/p>\n<\/div>\n\n\n\n<div class=\"wp-block-column is-vertically-aligned-top is-layout-flow wp-block-column-is-layout-flow\">\n<figure class=\"wp-block-image alignleft size-full\"><img loading=\"lazy\" decoding=\"async\" width=\"360\" height=\"465\" src=\"https:\/\/glimjawholesale.com\/wp-content\/uploads\/2022\/02\/2.png\" alt=\"\" class=\"wp-image-2071\" srcset=\"https:\/\/glimjawholesale.com\/wp-content\/uploads\/2022\/02\/2.png 360w, https:\/\/glimjawholesale.com\/wp-content\/uploads\/2022\/02\/2-232x300.png 232w, https:\/\/glimjawholesale.com\/wp-content\/uploads\/2022\/02\/2-9x12.png 9w, https:\/\/glimjawholesale.com\/wp-content\/uploads\/2022\/02\/2-64x83.png 64w\" sizes=\"auto, (max-width: 360px) 100vw, 360px\" \/><\/figure>\n\n\n\n<div style=\"height:20px\" aria-hidden=\"true\" class=\"wp-block-spacer\"><\/div>\n\n\n\n<h3 class=\"wp-block-heading has-text-color\" id=\"garden-of-life\" style=\"color:#00af83\">Ah! Table!<\/h3>\n\n\n\n<p>Ah! Table! \u00ae is a brand belonging to Ecodis, a company that specializes in environmental product design and retail for environmentally conscious stores. The brand relies on demanding eco-labels to guarantee the consumer that the products are environmentally friendly and of high quality. They use certifications such as GOTS, FSC and Soft Impact.<\/p>\n<\/div>\n\n\n\n<div class=\"wp-block-column is-vertically-aligned-top is-layout-flow wp-block-column-is-layout-flow\">\n<figure class=\"wp-block-image alignleft size-full\"><img loading=\"lazy\" decoding=\"async\" width=\"360\" height=\"465\" src=\"https:\/\/glimjawholesale.com\/wp-content\/uploads\/2022\/02\/Untitled-design-2022-02-03T103646.847.png\" alt=\"\" class=\"wp-image-2072\" srcset=\"https:\/\/glimjawholesale.com\/wp-content\/uploads\/2022\/02\/Untitled-design-2022-02-03T103646.847.png 360w, https:\/\/glimjawholesale.com\/wp-content\/uploads\/2022\/02\/Untitled-design-2022-02-03T103646.847-232x300.png 232w, https:\/\/glimjawholesale.com\/wp-content\/uploads\/2022\/02\/Untitled-design-2022-02-03T103646.847-9x12.png 9w, https:\/\/glimjawholesale.com\/wp-content\/uploads\/2022\/02\/Untitled-design-2022-02-03T103646.847-64x83.png 64w\" sizes=\"auto, (max-width: 360px) 100vw, 360px\" \/><\/figure>\n\n\n\n<div style=\"height:20px\" aria-hidden=\"true\" class=\"wp-block-spacer\"><\/div>\n\n\n\n<h3 class=\"wp-block-heading has-text-color\" id=\"fushi\" style=\"color:#00af83\">Ana\u00e9<\/h3>\n\n\n\n<p>Ana\u00e9\u00ae is a young French brand with products and accessories dedicated to natural beauty and hygiene. The brand values beautiful design while offering organic and responsible products that fit in most bathrooms. Ana\u00e9 is committed to a global ecodesign strategy and always chooses its products according to its strict strategy. The products must be useful in everyday life, simple in their composition and versatile, and fit most people&#039;s budget.<\/p>\n\n\n\n<p><br><\/p>\n<\/div>\n<\/div>\n<\/div><\/div>\n\n\n\n<div class=\"inherit-container-width wp-block-group alignfull has-white-background-color has-background is-layout-constrained wp-block-group-is-layout-constrained\"><div class=\"wp-block-group__inner-container\">\n<div class=\"wp-block-columns alignwide are-vertically-aligned-top is-layout-flex wp-container-core-columns-is-layout-28f84493 wp-block-columns-is-layout-flex\">\n<div class=\"wp-block-column is-vertically-aligned-top is-layout-flow wp-block-column-is-layout-flow\">\n<figure class=\"wp-block-image alignleft size-full\"><img loading=\"lazy\" decoding=\"async\" width=\"360\" height=\"465\" src=\"https:\/\/glimjawholesale.com\/wp-content\/uploads\/2022\/03\/19-1.png\" alt=\"\" class=\"wp-image-3827\" srcset=\"https:\/\/glimjawholesale.com\/wp-content\/uploads\/2022\/03\/19-1.png 360w, https:\/\/glimjawholesale.com\/wp-content\/uploads\/2022\/03\/19-1-232x300.png 232w, https:\/\/glimjawholesale.com\/wp-content\/uploads\/2022\/03\/19-1-9x12.png 9w\" sizes=\"auto, (max-width: 360px) 100vw, 360px\" \/><\/figure>\n\n\n\n<div style=\"height:20px\" aria-hidden=\"true\" class=\"wp-block-spacer\"><\/div>\n\n\n\n<h3 class=\"wp-block-heading has-text-color\" id=\"probioform\" style=\"color:#00af83\">Sedona<\/h3>\n\n\n\n<p>Popular drying ovens! Sedona drying ovens are manufactured by the company Tribest. A drying oven at home allows you to cook raw food such as bread, biscuits, candy strips, cookies, chips, crackers, pizza, etc. and to preserve vegetables, fruits, mushrooms, etc.<\/p>\n<\/div>\n\n\n\n<div class=\"wp-block-column is-vertically-aligned-top is-layout-flow wp-block-column-is-layout-flow\">\n<figure class=\"wp-block-image alignleft size-full\"><img loading=\"lazy\" decoding=\"async\" width=\"360\" height=\"465\" src=\"https:\/\/glimjawholesale.com\/wp-content\/uploads\/2026\/02\/Glimja-Wholesale-white.png\" alt=\"\" class=\"wp-image-5307\" srcset=\"https:\/\/glimjawholesale.com\/wp-content\/uploads\/2026\/02\/Glimja-Wholesale-white.png 360w, https:\/\/glimjawholesale.com\/wp-content\/uploads\/2026\/02\/Glimja-Wholesale-white-232x300.png 232w, https:\/\/glimjawholesale.com\/wp-content\/uploads\/2026\/02\/Glimja-Wholesale-white-9x12.png 9w\" sizes=\"auto, (max-width: 360px) 100vw, 360px\" \/><\/figure>\n\n\n\n<div style=\"height:20px\" aria-hidden=\"true\" class=\"wp-block-spacer\"><\/div>\n\n\n\n<h3 class=\"wp-block-heading has-text-color\" id=\"omniblend\" style=\"color:#00af83\"><\/h3>\n\n\n\n<p><br><br><\/p>\n<\/div>\n\n\n\n<div class=\"wp-block-column is-vertically-aligned-top is-layout-flow wp-block-column-is-layout-flow\">\n<figure class=\"wp-block-image alignleft size-full\"><img loading=\"lazy\" decoding=\"async\" width=\"360\" height=\"465\" src=\"https:\/\/glimjawholesale.com\/wp-content\/uploads\/2026\/02\/Glimja-Wholesale-white.png\" alt=\"\" class=\"wp-image-5307\" srcset=\"https:\/\/glimjawholesale.com\/wp-content\/uploads\/2026\/02\/Glimja-Wholesale-white.png 360w, https:\/\/glimjawholesale.com\/wp-content\/uploads\/2026\/02\/Glimja-Wholesale-white-232x300.png 232w, https:\/\/glimjawholesale.com\/wp-content\/uploads\/2026\/02\/Glimja-Wholesale-white-9x12.png 9w\" sizes=\"auto, (max-width: 360px) 100vw, 360px\" \/><\/figure>\n\n\n\n<div style=\"height:20px\" aria-hidden=\"true\" class=\"wp-block-spacer\"><\/div>\n\n\n\n<h3 class=\"wp-block-heading has-text-color\" id=\"anita-grant\" style=\"color:#00af83\"><\/h3>\n\n\n\n<p><\/p>\n<\/div>\n<\/div>\n<\/div><\/div>\n\n\n\n<div class=\"inherit-container-width wp-block-group alignfull has-white-background-color has-background is-layout-constrained wp-block-group-is-layout-constrained\"><div class=\"wp-block-group__inner-container\"><\/div><\/div>\n\n\n\n<div class=\"inherit-container-width wp-block-group alignfull has-white-background-color has-background is-layout-constrained wp-block-group-is-layout-constrained\"><div class=\"wp-block-group__inner-container\"><\/div><\/div>\n\n\n\n<p><\/p>\n\n\n\n<div class=\"inherit-container-width wp-block-group alignfull has-black-color has-text-color has-background is-layout-constrained wp-block-group-is-layout-constrained\" style=\"background-color:#d9f1e7\"><div class=\"wp-block-group__inner-container\">\n<div class=\"inherit-container-width wp-block-group has-white-background-color has-background is-layout-constrained wp-block-group-is-layout-constrained\"><div class=\"wp-block-group__inner-container\">\n<div class=\"wp-block-media-text has-media-on-the-right is-stacked-on-mobile is-vertically-aligned-center\" style=\"grid-template-columns:auto 45%\"><div class=\"wp-block-media-text__content\">\n<h2 class=\"wp-block-heading has-text-color\" id=\"apply-to-become-a-retailer\" style=\"color:#00af83\">Apply to become our reseller<\/h2>\n\n\n\n<p>Become our reseller of the purest and best products in health, beauty and sustainability<\/p>\n\n\n\n<div class=\"wp-block-buttons is-layout-flex wp-block-buttons-is-layout-flex\">\n<div class=\"wp-block-button\"><a class=\"wp-block-button__link wp-element-button\" href=\"https:\/\/glimjawholesale.com\/en\/ansokningsformular\/\">Apply here!<\/a><\/div>\n<\/div>\n<\/div><figure class=\"wp-block-media-text__media\"><img loading=\"lazy\" decoding=\"async\" width=\"1024\" height=\"576\" src=\"https:\/\/glimjawholesale.com\/wp-content\/uploads\/2021\/08\/Copy-of-PARADISET-1024x576.png\" alt=\"\" class=\"wp-image-1898 size-full\" srcset=\"https:\/\/glimjawholesale.com\/wp-content\/uploads\/2021\/08\/Copy-of-PARADISET-1024x576.png 1024w, https:\/\/glimjawholesale.com\/wp-content\/uploads\/2021\/08\/Copy-of-PARADISET-300x169.png 300w, https:\/\/glimjawholesale.com\/wp-content\/uploads\/2021\/08\/Copy-of-PARADISET-768x432.png 768w, https:\/\/glimjawholesale.com\/wp-content\/uploads\/2021\/08\/Copy-of-PARADISET-1536x864.png 1536w, https:\/\/glimjawholesale.com\/wp-content\/uploads\/2021\/08\/Copy-of-PARADISET-600x338.png 600w, https:\/\/glimjawholesale.com\/wp-content\/uploads\/2021\/08\/Copy-of-PARADISET-64x36.png 64w, https:\/\/glimjawholesale.com\/wp-content\/uploads\/2021\/08\/Copy-of-PARADISET.png 1920w\" sizes=\"auto, (max-width: 1024px) 100vw, 1024px\" \/><\/figure><\/div>\n<\/div><\/div>\n<\/div><\/div>","protected":false},"excerpt":{"rendered":"<p>V\u00c4LKOMMEN TILL V\u00c5R Familj av varum\u00e4rken Vissa varum\u00e4rken \u00e4r begr\u00e4nsade till s\u00e4rskilda l\u00e4nder ellerverksamheter. Kontakta oss f\u00f6r mer information. Vegetology Veganv\u00e4nlig omega-3 och D3-vitamin! Vegetology \u00e4r ett engelskt f\u00f6retag som tillverkar veganv\u00e4nliga kosttillskott. De var f\u00f6rst p\u00e5 marknaden med veganv\u00e4nlig omega-3 fr\u00e5n alger och D3-vitamin fr\u00e5n mossa, som de kallar Vitashine. TheraSage Revolutionerande infrar\u00f6da bastur, [&hellip;]<\/p>","protected":false},"author":1,"featured_media":0,"parent":0,"menu_order":0,"comment_status":"closed","ping_status":"closed","template":"","meta":{"_uag_custom_page_level_css":"","site-sidebar-layout":"default","site-content-layout":"page-builder","ast-site-content-layout":"full-width-container","site-content-style":"unboxed","site-sidebar-style":"unboxed","ast-global-header-display":"","ast-banner-title-visibility":"","ast-main-header-display":"","ast-hfb-above-header-display":"","ast-hfb-below-header-display":"","ast-hfb-mobile-header-display":"","site-post-title":"disabled","ast-breadcrumbs-content":"","ast-featured-img":"","footer-sml-layout":"","theme-transparent-header-meta":"default","adv-header-id-meta":"","stick-header-meta":"default","header-above-stick-meta":"","header-main-stick-meta":"","header-below-stick-meta":"","astra-migrate-meta-layouts":"set","ast-page-background-enabled":"default","ast-page-background-meta":{"desktop":{"background-color":"","background-image":"","background-repeat":"repeat","background-position":"center center","background-size":"auto","background-attachment":"scroll","background-type":"","background-media":"","overlay-type":"","overlay-color":"","overlay-gradient":""},"tablet":{"background-color":"","background-image":"","background-repeat":"repeat","background-position":"center center","background-size":"auto","background-attachment":"scroll","background-type":"","background-media":"","overlay-type":"","overlay-color":"","overlay-gradient":""},"mobile":{"background-color":"","background-image":"","background-repeat":"repeat","background-position":"center center","background-size":"auto","background-attachment":"scroll","background-type":"","background-media":"","overlay-type":"","overlay-color":"","overlay-gradient":""}},"ast-content-background-meta":{"desktop":{"background-color":"var(--ast-global-color-5)","background-image":"","background-repeat":"repeat","background-position":"center center","background-size":"auto","background-attachment":"scroll","background-type":"","background-media":"","overlay-type":"","overlay-color":"","overlay-gradient":""},"tablet":{"background-color":"var(--ast-global-color-5)","background-image":"","background-repeat":"repeat","background-position":"center center","background-size":"auto","background-attachment":"scroll","background-type":"","background-media":"","overlay-type":"","overlay-color":"","overlay-gradient":""},"mobile":{"background-color":"var(--ast-global-color-5)","background-image":"","background-repeat":"repeat","background-position":"center center","background-size":"auto","background-attachment":"scroll","background-type":"","background-media":"","overlay-type":"","overlay-color":"","overlay-gradient":""}},"footnotes":""},"class_list":["post-275","page","type-page","status-publish","hentry"],"jetpack_sharing_enabled":true,"uagb_featured_image_src":{"full":false,"thumbnail":false,"medium":false,"medium_large":false,"large":false,"1536x1536":false,"2048x2048":false,"trp-custom-language-flag":false,"woocommerce_thumbnail":false,"woocommerce_single":false,"woocommerce_gallery_thumbnail":false},"uagb_author_info":{"display_name":"EspressinoCrunch","author_link":"https:\/\/glimjawholesale.com\/en\/author\/espressinocrunch\/"},"uagb_comment_info":0,"uagb_excerpt":"V\u00c4LKOMMEN TILL V\u00c5R Familj av varum\u00e4rken Vissa varum\u00e4rken \u00e4r begr\u00e4nsade till s\u00e4rskilda l\u00e4nder ellerverksamheter. Kontakta oss f\u00f6r mer information. Vegetology Veganv\u00e4nlig omega-3 och D3-vitamin! Vegetology \u00e4r ett engelskt f\u00f6retag som tillverkar veganv\u00e4nliga kosttillskott. De var f\u00f6rst p\u00e5 marknaden med veganv\u00e4nlig omega-3 fr\u00e5n alger och D3-vitamin fr\u00e5n mossa, som de kallar Vitashine. TheraSage Revolutionerande infrar\u00f6da bastur,&hellip;","_links":{"self":[{"href":"https:\/\/glimjawholesale.com\/en\/wp-json\/wp\/v2\/pages\/275","targetHints":{"allow":["GET"]}}],"collection":[{"href":"https:\/\/glimjawholesale.com\/en\/wp-json\/wp\/v2\/pages"}],"about":[{"href":"https:\/\/glimjawholesale.com\/en\/wp-json\/wp\/v2\/types\/page"}],"author":[{"embeddable":true,"href":"https:\/\/glimjawholesale.com\/en\/wp-json\/wp\/v2\/users\/1"}],"replies":[{"embeddable":true,"href":"https:\/\/glimjawholesale.com\/en\/wp-json\/wp\/v2\/comments?post=275"}],"version-history":[{"count":38,"href":"https:\/\/glimjawholesale.com\/en\/wp-json\/wp\/v2\/pages\/275\/revisions"}],"predecessor-version":[{"id":5383,"href":"https:\/\/glimjawholesale.com\/en\/wp-json\/wp\/v2\/pages\/275\/revisions\/5383"}],"wp:attachment":[{"href":"https:\/\/glimjawholesale.com\/en\/wp-json\/wp\/v2\/media?parent=275"}],"curies":[{"name":"wp","href":"https:\/\/api.w.org\/{rel}","templated":true}]}}