{"id":4142,"date":"2022-04-01T11:36:50","date_gmt":"2022-04-01T09:36:50","guid":{"rendered":"https:\/\/glimjawholesale.com\/?page_id=4142"},"modified":"2022-04-01T14:24:16","modified_gmt":"2022-04-01T12:24:16","slug":"vanliga-fragor","status":"publish","type":"page","link":"https:\/\/glimjawholesale.com\/en\/vanliga-fragor\/","title":{"rendered":"Common questions"},"content":{"rendered":"<div class=\"wp-block-columns is-layout-flex wp-container-core-columns-is-layout-28f84493 wp-block-columns-is-layout-flex\">\n<div class=\"wp-block-column is-layout-flow wp-block-column-is-layout-flow\"><\/div>\n<\/div>\n\n\n\n<div class=\"inherit-container-width wp-block-group alignfull has-ast-global-color-5-background-color has-background is-layout-constrained wp-block-group-is-layout-constrained\"><div class=\"wp-block-group__inner-container\">\n<div class=\"wp-block-columns alignwide is-layout-flex wp-container-core-columns-is-layout-28f84493 wp-block-columns-is-layout-flex\">\n<div class=\"wp-block-column is-vertically-aligned-top is-layout-flow wp-block-column-is-layout-flow\">\n<h6 class=\"has-ast-global-color-2-color has-text-color wp-block-heading\"><strong>How do I place an order?<\/strong><\/h6>\n\n\n\n<figure class=\"wp-block-image size-large is-resized\"><a href=\"https:\/\/www.loom.com\/share\/4ec559ebbb9c46cdb6acb721b0cb602b\" target=\"_blank\" rel=\"noopener\"><img loading=\"lazy\" decoding=\"async\" src=\"https:\/\/glimjawholesale.com\/wp-content\/uploads\/2022\/04\/Sa\u030a-go\u0308r-ni-er-fo\u0308rsta-besta\u0308llning-pa\u030a-GlimjaWholesale.com-5-1024x566.png\" alt=\"\" class=\"wp-image-4147\" width=\"512\" height=\"283\" srcset=\"https:\/\/glimjawholesale.com\/wp-content\/uploads\/2022\/04\/Sa\u030a-go\u0308r-ni-er-fo\u0308rsta-besta\u0308llning-pa\u030a-GlimjaWholesale.com-5-1024x566.png 1024w, https:\/\/glimjawholesale.com\/wp-content\/uploads\/2022\/04\/Sa\u030a-go\u0308r-ni-er-fo\u0308rsta-besta\u0308llning-pa\u030a-GlimjaWholesale.com-5-300x166.png 300w, https:\/\/glimjawholesale.com\/wp-content\/uploads\/2022\/04\/Sa\u030a-go\u0308r-ni-er-fo\u0308rsta-besta\u0308llning-pa\u030a-GlimjaWholesale.com-5-768x424.png 768w, https:\/\/glimjawholesale.com\/wp-content\/uploads\/2022\/04\/Sa\u030a-go\u0308r-ni-er-fo\u0308rsta-besta\u0308llning-pa\u030a-GlimjaWholesale.com-5-1536x848.png 1536w, https:\/\/glimjawholesale.com\/wp-content\/uploads\/2022\/04\/Sa\u030a-go\u0308r-ni-er-fo\u0308rsta-besta\u0308llning-pa\u030a-GlimjaWholesale.com-5-18x10.png 18w, https:\/\/glimjawholesale.com\/wp-content\/uploads\/2022\/04\/Sa\u030a-go\u0308r-ni-er-fo\u0308rsta-besta\u0308llning-pa\u030a-GlimjaWholesale.com-5-600x331.png 600w, https:\/\/glimjawholesale.com\/wp-content\/uploads\/2022\/04\/Sa\u030a-go\u0308r-ni-er-fo\u0308rsta-besta\u0308llning-pa\u030a-GlimjaWholesale.com-5.png 1912w\" sizes=\"auto, (max-width: 512px) 100vw, 512px\" \/><\/a><\/figure>\n\n\n\n<h6 class=\"has-ast-global-color-2-color has-text-color wp-block-heading\"><strong>How is my order sent?<\/strong><\/h6>\n\n\n\n<p class=\"has-ast-global-color-3-color has-text-color\">All Swedish orders to corporate customers are sent with DHL Paket. In order for the package to be delivered, it is required that someone is on site at the delivery address.<br><br>Norwegian packages are sent with Bring Parcel and packages to other European countries are sent with UPS Standard Delivery.<\/p>\n\n\n\n<h6 class=\"has-ast-global-color-2-color has-text-color wp-block-heading\"><strong>Why can I not complete my purchase with Klarna invoice<\/strong>?<\/h6>\n\n\n\n<p class=\"has-ast-global-color-3-color has-text-color\">The most common reason is that the specified billing address differs from your registered dividend address. Please check this before contacting Klarna&#039;s customer support for further assistance.<\/p>\n<\/div>\n\n\n\n<div class=\"wp-block-column is-layout-flow wp-block-column-is-layout-flow\">\n<h6 class=\"has-ast-global-color-2-color has-text-color wp-block-heading\"><strong>How do I place a dropship order?<\/strong><\/h6>\n\n\n\n<figure class=\"wp-block-image size-large is-resized\"><a href=\"https:\/\/www.loom.com\/share\/3a7c5f67fe274787aeee4ed70e57babb\" target=\"_blank\" rel=\"noopener\"><img loading=\"lazy\" decoding=\"async\" src=\"https:\/\/glimjawholesale.com\/wp-content\/uploads\/2022\/04\/Sa\u030a-go\u0308r-ni-er-fo\u0308rsta-besta\u0308llning-pa\u030a-GlimjaWholesale.com-6-1024x566.png\" alt=\"\" class=\"wp-image-4148\" width=\"512\" height=\"283\" srcset=\"https:\/\/glimjawholesale.com\/wp-content\/uploads\/2022\/04\/Sa\u030a-go\u0308r-ni-er-fo\u0308rsta-besta\u0308llning-pa\u030a-GlimjaWholesale.com-6-1024x566.png 1024w, https:\/\/glimjawholesale.com\/wp-content\/uploads\/2022\/04\/Sa\u030a-go\u0308r-ni-er-fo\u0308rsta-besta\u0308llning-pa\u030a-GlimjaWholesale.com-6-300x166.png 300w, https:\/\/glimjawholesale.com\/wp-content\/uploads\/2022\/04\/Sa\u030a-go\u0308r-ni-er-fo\u0308rsta-besta\u0308llning-pa\u030a-GlimjaWholesale.com-6-768x424.png 768w, https:\/\/glimjawholesale.com\/wp-content\/uploads\/2022\/04\/Sa\u030a-go\u0308r-ni-er-fo\u0308rsta-besta\u0308llning-pa\u030a-GlimjaWholesale.com-6-1536x848.png 1536w, https:\/\/glimjawholesale.com\/wp-content\/uploads\/2022\/04\/Sa\u030a-go\u0308r-ni-er-fo\u0308rsta-besta\u0308llning-pa\u030a-GlimjaWholesale.com-6-18x10.png 18w, https:\/\/glimjawholesale.com\/wp-content\/uploads\/2022\/04\/Sa\u030a-go\u0308r-ni-er-fo\u0308rsta-besta\u0308llning-pa\u030a-GlimjaWholesale.com-6-600x331.png 600w, https:\/\/glimjawholesale.com\/wp-content\/uploads\/2022\/04\/Sa\u030a-go\u0308r-ni-er-fo\u0308rsta-besta\u0308llning-pa\u030a-GlimjaWholesale.com-6.png 1912w\" sizes=\"auto, (max-width: 512px) 100vw, 512px\" \/><\/a><\/figure>\n\n\n\n<h6 class=\"has-ast-global-color-2-color has-text-color wp-block-heading\"><strong>Why can I not see all your brands?<\/strong><\/h6>\n\n\n\n<p class=\"has-ast-global-color-3-color has-text-color\">Depending on which country your company is registered in and which channels you sell through, the range can vary. Feel free to contact us if you want access to a particular brand and we will investigate the possibilities of helping you.<\/p>\n\n\n\n<h6 class=\"has-ast-global-color-2-color has-text-color wp-block-heading\"><\/h6>\n\n\n\n<p class=\"has-ast-global-color-3-color has-text-color\"><\/p>\n<\/div>\n<\/div>\n<\/div><\/div>","protected":false},"excerpt":{"rendered":"<p>Hur g\u00f6r jag en best\u00e4llning? Hur skickas min best\u00e4llning? Alla svenska best\u00e4llningar till f\u00f6retagskunder skickas med DHL Paket. F\u00f6r att paketet ska kunna levereras kr\u00e4vs att n\u00e5gon finns p\u00e5 plats p\u00e5 leveransadressen. Norska paket skickas med Bring Parcel och paket till \u00f6vriga europeiska l\u00e4nder skickas med UPS Standard Delivery. Varf\u00f6r kan jag inte slutf\u00f6ra mitt [&hellip;]<\/p>","protected":false},"author":1,"featured_media":0,"parent":0,"menu_order":0,"comment_status":"closed","ping_status":"closed","template":"","meta":{"_uag_custom_page_level_css":"","site-sidebar-layout":"default","site-content-layout":"","ast-site-content-layout":"","site-content-style":"default","site-sidebar-style":"default","ast-global-header-display":"","ast-banner-title-visibility":"","ast-main-header-display":"","ast-hfb-above-header-display":"","ast-hfb-below-header-display":"","ast-hfb-mobile-header-display":"","site-post-title":"","ast-breadcrumbs-content":"","ast-featured-img":"","footer-sml-layout":"","theme-transparent-header-meta":"","adv-header-id-meta":"","stick-header-meta":"","header-above-stick-meta":"","header-main-stick-meta":"","header-below-stick-meta":"","astra-migrate-meta-layouts":"default","ast-page-background-enabled":"default","ast-page-background-meta":{"desktop":{"background-color":"","background-image":"","background-repeat":"repeat","background-position":"center center","background-size":"auto","background-attachment":"scroll","background-type":"","background-media":"","overlay-type":"","overlay-color":"","overlay-gradient":""},"tablet":{"background-color":"","background-image":"","background-repeat":"repeat","background-position":"center center","background-size":"auto","background-attachment":"scroll","background-type":"","background-media":"","overlay-type":"","overlay-color":"","overlay-gradient":""},"mobile":{"background-color":"","background-image":"","background-repeat":"repeat","background-position":"center center","background-size":"auto","background-attachment":"scroll","background-type":"","background-media":"","overlay-type":"","overlay-color":"","overlay-gradient":""}},"ast-content-background-meta":{"desktop":{"background-color":"var(--ast-global-color-5)","background-image":"","background-repeat":"repeat","background-position":"center center","background-size":"auto","background-attachment":"scroll","background-type":"","background-media":"","overlay-type":"","overlay-color":"","overlay-gradient":""},"tablet":{"background-color":"var(--ast-global-color-5)","background-image":"","background-repeat":"repeat","background-position":"center center","background-size":"auto","background-attachment":"scroll","background-type":"","background-media":"","overlay-type":"","overlay-color":"","overlay-gradient":""},"mobile":{"background-color":"var(--ast-global-color-5)","background-image":"","background-repeat":"repeat","background-position":"center center","background-size":"auto","background-attachment":"scroll","background-type":"","background-media":"","overlay-type":"","overlay-color":"","overlay-gradient":""}},"footnotes":""},"class_list":["post-4142","page","type-page","status-publish","hentry"],"jetpack_sharing_enabled":true,"uagb_featured_image_src":{"full":false,"thumbnail":false,"medium":false,"medium_large":false,"large":false,"1536x1536":false,"2048x2048":false,"trp-custom-language-flag":false,"woocommerce_thumbnail":false,"woocommerce_single":false,"woocommerce_gallery_thumbnail":false},"uagb_author_info":{"display_name":"EspressinoCrunch","author_link":"https:\/\/glimjawholesale.com\/en\/author\/espressinocrunch\/"},"uagb_comment_info":0,"uagb_excerpt":"Hur g\u00f6r jag en best\u00e4llning? Hur skickas min best\u00e4llning? Alla svenska best\u00e4llningar till f\u00f6retagskunder skickas med DHL Paket. F\u00f6r att paketet ska kunna levereras kr\u00e4vs att n\u00e5gon finns p\u00e5 plats p\u00e5 leveransadressen. Norska paket skickas med Bring Parcel och paket till \u00f6vriga europeiska l\u00e4nder skickas med UPS Standard Delivery. Varf\u00f6r kan jag inte slutf\u00f6ra mitt&hellip;","_links":{"self":[{"href":"https:\/\/glimjawholesale.com\/en\/wp-json\/wp\/v2\/pages\/4142","targetHints":{"allow":["GET"]}}],"collection":[{"href":"https:\/\/glimjawholesale.com\/en\/wp-json\/wp\/v2\/pages"}],"about":[{"href":"https:\/\/glimjawholesale.com\/en\/wp-json\/wp\/v2\/types\/page"}],"author":[{"embeddable":true,"href":"https:\/\/glimjawholesale.com\/en\/wp-json\/wp\/v2\/users\/1"}],"replies":[{"embeddable":true,"href":"https:\/\/glimjawholesale.com\/en\/wp-json\/wp\/v2\/comments?post=4142"}],"version-history":[{"count":3,"href":"https:\/\/glimjawholesale.com\/en\/wp-json\/wp\/v2\/pages\/4142\/revisions"}],"predecessor-version":[{"id":4149,"href":"https:\/\/glimjawholesale.com\/en\/wp-json\/wp\/v2\/pages\/4142\/revisions\/4149"}],"wp:attachment":[{"href":"https:\/\/glimjawholesale.com\/en\/wp-json\/wp\/v2\/media?parent=4142"}],"curies":[{"name":"wp","href":"https:\/\/api.w.org\/{rel}","templated":true}]}}