{"id":4152,"date":"2022-04-03T16:45:43","date_gmt":"2022-04-03T14:45:43","guid":{"rendered":"https:\/\/glimjawholesale.com\/?page_id=4152"},"modified":"2022-04-03T16:45:44","modified_gmt":"2022-04-03T14:45:44","slug":"bli-en-affiliate","status":"publish","type":"page","link":"https:\/\/glimjawholesale.com\/en\/bli-en-affiliate\/","title":{"rendered":"Become an affiliate"},"content":{"rendered":"<p><\/p>\n\n\n\n<div class=\"inherit-container-width wp-block-group alignfull has-ast-global-color-5-background-color has-background is-layout-constrained wp-block-group-is-layout-constrained\"><div class=\"wp-block-group__inner-container\">\n<div class=\"wp-block-media-text is-stacked-on-mobile is-vertically-aligned-center\"><figure class=\"wp-block-media-text__media\"><img loading=\"lazy\" decoding=\"async\" width=\"1024\" height=\"593\" src=\"https:\/\/glimjawholesale.com\/wp-content\/uploads\/2022\/04\/finance-idea-marketing-strategy-economy-partnership-sales-website-management-affiliate-marketing_t20_6n6lnY-1024x593.jpg\" alt=\"\" class=\"wp-image-4154 size-full\" srcset=\"https:\/\/glimjawholesale.com\/wp-content\/uploads\/2022\/04\/finance-idea-marketing-strategy-economy-partnership-sales-website-management-affiliate-marketing_t20_6n6lnY-1024x593.jpg 1024w, https:\/\/glimjawholesale.com\/wp-content\/uploads\/2022\/04\/finance-idea-marketing-strategy-economy-partnership-sales-website-management-affiliate-marketing_t20_6n6lnY-300x174.jpg 300w, https:\/\/glimjawholesale.com\/wp-content\/uploads\/2022\/04\/finance-idea-marketing-strategy-economy-partnership-sales-website-management-affiliate-marketing_t20_6n6lnY-768x444.jpg 768w, https:\/\/glimjawholesale.com\/wp-content\/uploads\/2022\/04\/finance-idea-marketing-strategy-economy-partnership-sales-website-management-affiliate-marketing_t20_6n6lnY-18x10.jpg 18w, https:\/\/glimjawholesale.com\/wp-content\/uploads\/2022\/04\/finance-idea-marketing-strategy-economy-partnership-sales-website-management-affiliate-marketing_t20_6n6lnY-600x347.jpg 600w, https:\/\/glimjawholesale.com\/wp-content\/uploads\/2022\/04\/finance-idea-marketing-strategy-economy-partnership-sales-website-management-affiliate-marketing_t20_6n6lnY.jpg 1118w\" sizes=\"auto, (max-width: 1024px) 100vw, 1024px\" \/><\/figure><div class=\"wp-block-media-text__content\">\n<h1 class=\"has-text-align-left has-ast-global-color-2-color has-text-color wp-block-heading\">Become a Glimja Affiliate<\/h1>\n\n\n\n<p class=\"has-ast-global-color-3-color has-text-color\">For those of you who do not sell products, but would rather create a revenue stream by recommending your followers \/ clients to shop from Glimja&#039;s B2C page.<\/p>\n<\/div><\/div>\n<\/div><\/div>\n\n\n\n<div style=\"height:14px\" aria-hidden=\"true\" class=\"wp-block-spacer\"><\/div>\n\n\n\n<p>Being a reseller of our brilliant range is both fun and rewarding. But with that comes warehousing, accounting and customer affairs.<\/p>\n\n\n\n<p>We understand that you as e.g. is a coach, therapist or inspirer rather spends all time on the core area of your business. That&#039;s why we&#039;ve created our affiliate program that allows you to create a simple source of income by recommending your customers to shop from <a href=\"https:\/\/glimja.com\" target=\"_blank\" rel=\"noopener\">Glimja&#039;s e-commerce for end customers<\/a>.<\/p>\n\n\n\n<div class=\"wp-block-buttons is-layout-flex wp-block-buttons-is-layout-flex\">\n<div class=\"wp-block-button\"><a class=\"wp-block-button__link\" href=\"https:\/\/www.adrecord.com\/sv\/join\/glimja\" target=\"_blank\" rel=\"noopener\">Read more and apply here!<\/a><\/div>\n<\/div>","protected":false},"excerpt":{"rendered":"<p>Bli en Glimja Affiliate F\u00f6r dig som inte bedriver f\u00f6rs\u00e4ljning av produkter, utan hellre vill skapa en int\u00e4ktsstr\u00f6m genom att rekommendera dina f\u00f6ljare\/klienter att handla fr\u00e5n Glimjas B2C-sida. Att vara \u00e5terf\u00f6rs\u00e4ljare av v\u00e5rt glimjande sortiment \u00e4r b\u00e5de roligt och bel\u00f6nande. Men med det kommer \u00e4ven lagerh\u00e5llning, bokf\u00f6ring och kund\u00e4renden. Vi f\u00f6rst\u00e5r att du som t.ex. [&hellip;]<\/p>","protected":false},"author":1,"featured_media":0,"parent":0,"menu_order":0,"comment_status":"closed","ping_status":"closed","template":"","meta":{"_uag_custom_page_level_css":"","site-sidebar-layout":"default","site-content-layout":"","ast-site-content-layout":"","site-content-style":"default","site-sidebar-style":"default","ast-global-header-display":"","ast-banner-title-visibility":"","ast-main-header-display":"","ast-hfb-above-header-display":"","ast-hfb-below-header-display":"","ast-hfb-mobile-header-display":"","site-post-title":"disabled","ast-breadcrumbs-content":"","ast-featured-img":"","footer-sml-layout":"","theme-transparent-header-meta":"","adv-header-id-meta":"","stick-header-meta":"","header-above-stick-meta":"","header-main-stick-meta":"","header-below-stick-meta":"","astra-migrate-meta-layouts":"default","ast-page-background-enabled":"default","ast-page-background-meta":{"desktop":{"background-color":"","background-image":"","background-repeat":"repeat","background-position":"center center","background-size":"auto","background-attachment":"scroll","background-type":"","background-media":"","overlay-type":"","overlay-color":"","overlay-gradient":""},"tablet":{"background-color":"","background-image":"","background-repeat":"repeat","background-position":"center center","background-size":"auto","background-attachment":"scroll","background-type":"","background-media":"","overlay-type":"","overlay-color":"","overlay-gradient":""},"mobile":{"background-color":"","background-image":"","background-repeat":"repeat","background-position":"center center","background-size":"auto","background-attachment":"scroll","background-type":"","background-media":"","overlay-type":"","overlay-color":"","overlay-gradient":""}},"ast-content-background-meta":{"desktop":{"background-color":"var(--ast-global-color-5)","background-image":"","background-repeat":"repeat","background-position":"center center","background-size":"auto","background-attachment":"scroll","background-type":"","background-media":"","overlay-type":"","overlay-color":"","overlay-gradient":""},"tablet":{"background-color":"var(--ast-global-color-5)","background-image":"","background-repeat":"repeat","background-position":"center center","background-size":"auto","background-attachment":"scroll","background-type":"","background-media":"","overlay-type":"","overlay-color":"","overlay-gradient":""},"mobile":{"background-color":"var(--ast-global-color-5)","background-image":"","background-repeat":"repeat","background-position":"center center","background-size":"auto","background-attachment":"scroll","background-type":"","background-media":"","overlay-type":"","overlay-color":"","overlay-gradient":""}},"footnotes":""},"class_list":["post-4152","page","type-page","status-publish","hentry"],"jetpack_sharing_enabled":true,"uagb_featured_image_src":{"full":false,"thumbnail":false,"medium":false,"medium_large":false,"large":false,"1536x1536":false,"2048x2048":false,"trp-custom-language-flag":false,"woocommerce_thumbnail":false,"woocommerce_single":false,"woocommerce_gallery_thumbnail":false},"uagb_author_info":{"display_name":"EspressinoCrunch","author_link":"https:\/\/glimjawholesale.com\/en\/author\/espressinocrunch\/"},"uagb_comment_info":0,"uagb_excerpt":"Bli en Glimja Affiliate F\u00f6r dig som inte bedriver f\u00f6rs\u00e4ljning av produkter, utan hellre vill skapa en int\u00e4ktsstr\u00f6m genom att rekommendera dina f\u00f6ljare\/klienter att handla fr\u00e5n Glimjas B2C-sida. Att vara \u00e5terf\u00f6rs\u00e4ljare av v\u00e5rt glimjande sortiment \u00e4r b\u00e5de roligt och bel\u00f6nande. Men med det kommer \u00e4ven lagerh\u00e5llning, bokf\u00f6ring och kund\u00e4renden. Vi f\u00f6rst\u00e5r att du som t.ex.&hellip;","_links":{"self":[{"href":"https:\/\/glimjawholesale.com\/en\/wp-json\/wp\/v2\/pages\/4152","targetHints":{"allow":["GET"]}}],"collection":[{"href":"https:\/\/glimjawholesale.com\/en\/wp-json\/wp\/v2\/pages"}],"about":[{"href":"https:\/\/glimjawholesale.com\/en\/wp-json\/wp\/v2\/types\/page"}],"author":[{"embeddable":true,"href":"https:\/\/glimjawholesale.com\/en\/wp-json\/wp\/v2\/users\/1"}],"replies":[{"embeddable":true,"href":"https:\/\/glimjawholesale.com\/en\/wp-json\/wp\/v2\/comments?post=4152"}],"version-history":[{"count":3,"href":"https:\/\/glimjawholesale.com\/en\/wp-json\/wp\/v2\/pages\/4152\/revisions"}],"predecessor-version":[{"id":4157,"href":"https:\/\/glimjawholesale.com\/en\/wp-json\/wp\/v2\/pages\/4152\/revisions\/4157"}],"wp:attachment":[{"href":"https:\/\/glimjawholesale.com\/en\/wp-json\/wp\/v2\/media?parent=4152"}],"curies":[{"name":"wp","href":"https:\/\/api.w.org\/{rel}","templated":true}]}}